{"id":18575,"date":"2025-03-12T10:56:59","date_gmt":"2025-03-12T16:56:59","guid":{"rendered":"https:\/\/scfd.org\/camino-a-la-reautorizacion\/"},"modified":"2026-03-11T14:48:35","modified_gmt":"2026-03-11T20:48:35","slug":"camino-a-la-reautorizacion","status":"publish","type":"page","link":"https:\/\/scfd.org\/es\/camino-a-la-reautorizacion\/","title":{"rendered":"Camino a la reautorizaci\u00f3n"},"content":{"rendered":"<p>El SCFD ha sido aprobado por los votantes cuatro veces en el transcurso de nuestros 35 a\u00f1os de historia de proporcionar cultura para todos. El tiempo vuela cuando se brinda apoyo fundamental a cientos de organizaciones de arte, cultura y ciencia amadas por millones y el SCFD se est\u00e1 preparando para pedir a los votantes que contin\u00faen su apoyo en 2028. Los votantes del \u00e1rea metropolitana de Denver crearon el distrito en 1987 y durante tres d\u00e9cadas el SCFD les ha pedido que mantengan algo bueno para las artes y la cultura en nuestra regi\u00f3n. Cada vez los votantes han respondido con un rotundo &#8220;s\u00ed&#8221;.   <\/p>\n<p>Recientemente, la Junta Directiva de SCFD aprob\u00f3 un marco para recopilar los aportes que el distrito necesitar\u00e1 de las partes interesadas y simpatizantes para trazar una visi\u00f3n para el futuro del distrito. Durante los pr\u00f3ximos a\u00f1os, llevaremos a cabo investigaciones y nos involucraremos con las partes interesadas de SCFD para recopilar comentarios y crear un consenso sobre el marco adecuado para llevar al distrito a sus pr\u00f3ximos 30 a\u00f1os. <\/p>\n<p>Consulte esta p\u00e1gina para obtener actualizaciones sobre el proceso de participaci\u00f3n de las partes interesadas del SCFD y c\u00f3mo puede obtener m\u00e1s informaci\u00f3n y participar.<\/p>\n<p><a class=\"button button--shortcode button--normal\" href=\"https:\/\/scfd.org\/wp-content\/uploads\/2024\/09\/Stakeholder-Process-8.26.24-FINAL.pdf\">Lea el marco (pdf)<\/a><\/p>\n","protected":false},"excerpt":{"rendered":"<p>El SCFD ha sido aprobado por los votantes cuatro veces en el transcurso de nuestros 35 a\u00f1os de historia de proporcionar cultura para todos. El tiempo vuela cuando se brinda&#8230;<\/p>\n","protected":false},"author":20,"featured_media":0,"parent":0,"menu_order":0,"comment_status":"closed","ping_status":"closed","template":"","meta":{"_acf_changed":false,"footnotes":""},"class_list":["post-18575","page","type-page","status-publish","hentry"],"acf":[],"publishpress_future_action":{"enabled":false,"date":"2026-04-11 18:25:14","action":"change-status","newStatus":"draft","terms":[],"taxonomy":"translation_priority","extraData":[]},"publishpress_future_workflow_manual_trigger":{"enabledWorkflows":[]},"_links":{"self":[{"href":"https:\/\/scfd.org\/es\/wp-json\/wp\/v2\/pages\/18575","targetHints":{"allow":["GET"]}}],"collection":[{"href":"https:\/\/scfd.org\/es\/wp-json\/wp\/v2\/pages"}],"about":[{"href":"https:\/\/scfd.org\/es\/wp-json\/wp\/v2\/types\/page"}],"author":[{"embeddable":true,"href":"https:\/\/scfd.org\/es\/wp-json\/wp\/v2\/users\/20"}],"replies":[{"embeddable":true,"href":"https:\/\/scfd.org\/es\/wp-json\/wp\/v2\/comments?post=18575"}],"version-history":[{"count":0,"href":"https:\/\/scfd.org\/es\/wp-json\/wp\/v2\/pages\/18575\/revisions"}],"wp:attachment":[{"href":"https:\/\/scfd.org\/es\/wp-json\/wp\/v2\/media?parent=18575"}],"curies":[{"name":"wp","href":"https:\/\/api.w.org\/{rel}","templated":true}]}}