{"id":2374,"date":"2020-01-24T13:58:02","date_gmt":"2020-01-24T20:58:02","guid":{"rendered":"http:\/\/scfd.org\/nuestro-impacto\/obtener-las-estadisticas\/"},"modified":"2022-12-08T08:16:18","modified_gmt":"2022-12-08T15:16:18","slug":"obtener-las-estadisticas","status":"publish","type":"page","link":"https:\/\/scfd.org\/es\/nuestro-impacto\/obtener-las-estadisticas\/","title":{"rendered":"Obtener las estad\u00edsticas"},"content":{"rendered":"<p><strong>Apoyar la cultura hoy y en el futuro<\/strong><\/p>\n<p>Nuestra cultura aqu\u00ed no solo alimenta nuestra creatividad individual, conocimiento y aprecio por la magia en la vida. Tambi\u00e9n hace una incre\u00edble contribuci\u00f3n social y econ\u00f3mica a nuestra regi\u00f3n metropolitana.<\/p>\n<p>Durante este momento dif\u00edcil, el SCFD ayuda a las organizaciones culturales a sobrevivir y continuar proporcionando la maravilla que necesitamos. Crea los empleos necesarios, contribuye a nuestra econom\u00eda regional y ayuda a construir nuestra base econ\u00f3mica.<\/p>\n<p>Sin SCFD, perder\u00edamos el alma de nuestra comunidad cultural. Y durante estos tiempos inciertos, necesitamos saber que las artes, la cultura y la ciencia se mantendr\u00e1n saludables en el futuro.<\/p>\n<p>Nuestro Socio Cultural, CBCA, realiza un estudio bienal sobre el impacto econ\u00f3mico del sector cultural.<\/p>\n<p>En 2019, esto es lo que las organizaciones financiadas por SCFD contribuyeron en el impacto general.<\/p>\n<p><img decoding=\"async\" class=\"alignnone size-full wp-image-9078 lazyload\" data-src=\"https:\/\/scfd.org\/wp-content\/uploads\/2022\/01\/New-impact-stats-all-2022.jpg\" alt=\"\" width=\"624\" height=\"351\" data-srcset=\"https:\/\/scfd.org\/wp-content\/uploads\/2022\/01\/New-impact-stats-all-2022.jpg 624w, https:\/\/scfd.org\/wp-content\/uploads\/2022\/01\/New-impact-stats-all-2022-300x169.jpg 300w, https:\/\/scfd.org\/wp-content\/uploads\/2022\/01\/New-impact-stats-all-2022-450x253.jpg 450w, https:\/\/scfd.org\/wp-content\/uploads\/2022\/01\/New-impact-stats-all-2022-240x135.jpg 240w\" data-sizes=\"(max-width: 624px) 100vw, 624px\" src=\"data:image\/svg+xml;base64,PHN2ZyB3aWR0aD0iMSIgaGVpZ2h0PSIxIiB4bWxucz0iaHR0cDovL3d3dy53My5vcmcvMjAwMC9zdmciPjwvc3ZnPg==\" style=\"--smush-placeholder-width: 624px; --smush-placeholder-aspect-ratio: 624\/351;\" \/><\/p>\n<p>Pero los impactos de la pandemia crearon desaf\u00edos reales para las organizaciones en 2020, incluidas ca\u00eddas en la actividad econ\u00f3mica, los empleos y la asistencia a eventos, por nombrar solo algunos.<\/p>\n<p><img decoding=\"async\" class=\"alignnone size-full wp-image-9082 lazyload\" data-src=\"https:\/\/scfd.org\/wp-content\/uploads\/2022\/01\/Pandemic-indicators-all-2022.jpg\" alt=\"\" width=\"624\" height=\"351\" data-srcset=\"https:\/\/scfd.org\/wp-content\/uploads\/2022\/01\/Pandemic-indicators-all-2022.jpg 624w, https:\/\/scfd.org\/wp-content\/uploads\/2022\/01\/Pandemic-indicators-all-2022-300x169.jpg 300w, https:\/\/scfd.org\/wp-content\/uploads\/2022\/01\/Pandemic-indicators-all-2022-450x253.jpg 450w, https:\/\/scfd.org\/wp-content\/uploads\/2022\/01\/Pandemic-indicators-all-2022-240x135.jpg 240w\" data-sizes=\"(max-width: 624px) 100vw, 624px\" src=\"data:image\/svg+xml;base64,PHN2ZyB3aWR0aD0iMSIgaGVpZ2h0PSIxIiB4bWxucz0iaHR0cDovL3d3dy53My5vcmcvMjAwMC9zdmciPjwvc3ZnPg==\" style=\"--smush-placeholder-width: 624px; --smush-placeholder-aspect-ratio: 624\/351;\" \/><\/p>\n<p>Pero un \u00e1rea, cercana y querida para el SCFD, aument\u00f3 asegurando que las organizaciones art\u00edsticas y culturales puedan sobrevivir y, en el futuro, prosperar.<\/p>\n<p><img decoding=\"async\" class=\"alignnone size-full wp-image-9080 lazyload\" data-src=\"https:\/\/scfd.org\/wp-content\/uploads\/2022\/01\/Pandemic-bright-all-2022.jpg\" alt=\"\" width=\"624\" height=\"351\" data-srcset=\"https:\/\/scfd.org\/wp-content\/uploads\/2022\/01\/Pandemic-bright-all-2022.jpg 624w, https:\/\/scfd.org\/wp-content\/uploads\/2022\/01\/Pandemic-bright-all-2022-300x169.jpg 300w, https:\/\/scfd.org\/wp-content\/uploads\/2022\/01\/Pandemic-bright-all-2022-450x253.jpg 450w, https:\/\/scfd.org\/wp-content\/uploads\/2022\/01\/Pandemic-bright-all-2022-240x135.jpg 240w\" data-sizes=\"(max-width: 624px) 100vw, 624px\" src=\"data:image\/svg+xml;base64,PHN2ZyB3aWR0aD0iMSIgaGVpZ2h0PSIxIiB4bWxucz0iaHR0cDovL3d3dy53My5vcmcvMjAwMC9zdmciPjwvc3ZnPg==\" style=\"--smush-placeholder-width: 624px; --smush-placeholder-aspect-ratio: 624\/351;\" \/><\/p>\n<p>Este informe se basa en los datos proporcionados por las organizaciones financiadas por SCFD. Puede <a href=\"https:\/\/cbca.org\/economic-activity-study\/\">leer el informe completo de nuestro impacto aqu\u00ed<\/a>.<\/p>\n","protected":false},"excerpt":{"rendered":"<p>Apoyar la cultura hoy y en el futuro Nuestra cultura aqu\u00ed no solo alimenta nuestra creatividad individual, conocimiento y aprecio por la magia en la vida. Tambi\u00e9n hace una incre\u00edble&#8230;<\/p>\n","protected":false},"author":3,"featured_media":0,"parent":2373,"menu_order":1,"comment_status":"closed","ping_status":"closed","template":"","meta":{"_acf_changed":false,"footnotes":""},"class_list":["post-2374","page","type-page","status-publish","hentry"],"acf":[],"publishpress_future_action":{"enabled":false,"date":"2026-04-14 06:29:45","action":"change-status","newStatus":"draft","terms":[],"taxonomy":"translation_priority","extraData":[]},"publishpress_future_workflow_manual_trigger":{"enabledWorkflows":[]},"_links":{"self":[{"href":"https:\/\/scfd.org\/es\/wp-json\/wp\/v2\/pages\/2374","targetHints":{"allow":["GET"]}}],"collection":[{"href":"https:\/\/scfd.org\/es\/wp-json\/wp\/v2\/pages"}],"about":[{"href":"https:\/\/scfd.org\/es\/wp-json\/wp\/v2\/types\/page"}],"author":[{"embeddable":true,"href":"https:\/\/scfd.org\/es\/wp-json\/wp\/v2\/users\/3"}],"replies":[{"embeddable":true,"href":"https:\/\/scfd.org\/es\/wp-json\/wp\/v2\/comments?post=2374"}],"version-history":[{"count":0,"href":"https:\/\/scfd.org\/es\/wp-json\/wp\/v2\/pages\/2374\/revisions"}],"up":[{"embeddable":true,"href":"https:\/\/scfd.org\/es\/wp-json\/wp\/v2\/pages\/2373"}],"wp:attachment":[{"href":"https:\/\/scfd.org\/es\/wp-json\/wp\/v2\/media?parent=2374"}],"curies":[{"name":"wp","href":"https:\/\/api.w.org\/{rel}","templated":true}]}}