{"id":2379,"date":"2020-01-27T12:09:28","date_gmt":"2020-01-27T19:09:28","guid":{"rendered":"http:\/\/scfd.org\/nuestro-impacto\/socios-comunitarios\/"},"modified":"2023-02-02T12:01:18","modified_gmt":"2023-02-02T19:01:18","slug":"socios-comunitarios","status":"publish","type":"page","link":"https:\/\/scfd.org\/es\/nuestro-impacto\/socios-comunitarios\/","title":{"rendered":"Socios comunitarios"},"content":{"rendered":"<h2>Polinizaci\u00f3n cruzada y colaboraci\u00f3n<\/h2>\n<p>Uno de los mejores subproductos del SCFD son las asociaciones que florecen entre las organizaciones culturales financiadas, el SCFD y sus socios. Estos contin\u00faan desarroll\u00e1ndose y evolucionando a medida que nuestra comunidad de organizaciones se miran mutuamente en busca de inspiraci\u00f3n y potencial. Colaboraciones emocionantes han tra\u00eddo m\u00fasica a nuestros jardines, compa\u00f1\u00edas de danza coreografiando actuaciones combinadas y museos de arte que brindan acceso a las colecciones de los dem\u00e1s con un solo boleto. Y mucho m\u00e1s. Hay una energ\u00eda, un impulso en las artes y ciencias culturales que contin\u00faa creciendo en nuestra comunidad. La vida aqu\u00ed es m\u00e1s colorida debido a ella.<\/p>\n<hr>\n<h3>Consejo de Adolescentes<\/h3>\n<p>SCFD <a href=\"http:\/\/scfdteencouncil.wixsite.com\/scfdteen\" target=\"_blank\" rel=\"noopener noreferrer\">Teen Council<\/a> es un grupo inspirado de ni\u00f1os de toda el \u00e1rea metropolitana que est\u00e1n entusiasmados con apoyar las artes y la cultura en sus comunidades e involucrar a otros adolescentes en el esfuerzo. Su misi\u00f3n es explorar, disfrutar y reflexionar sobre las oportunidades culturales y cient\u00edficas disponibles para los adolescentes dentro de sus comunidades con el objetivo de involucrar a una amplia gama de j\u00f3venes para contar la historia de SCFD y alentar a otros a unirse a los descubrimientos. SCFD siempre est\u00e1 en la b\u00fasqueda de adolescentes ambiciosos y trabajadores para proporcionar liderazgo mientras trabajan con otros adolescentes para apoyar los objetivos y esfuerzos de la SCFD. Puede ver las actividades del Consejo de Adolescentes en su p\u00e1gina de <a href=\"https:\/\/www.instagram.com\/scfdteencouncil\/\" target=\"_blank\" rel=\"noopener noreferrer\">Instagram<\/a> o solicitar el consejo usted mismo por un per\u00edodo de un a\u00f1o.<\/p>\n<p>La <a href=\"https:\/\/forms.gle\/hucJDCmdznBiSAiV9\">solicitud<\/a> ya est\u00e1 abierta y se cerrar\u00e1 el 18 de julio de 2021.<\/p>\n<h3>La colaboraci\u00f3n del SCFD<\/h3>\n<p><a href=\"https:\/\/collaborativescfd.org\/\">La Colaboraci\u00f3n del SCFD<\/a> (anteriormente The Scientific &amp; Cultural Collaborative (SCC), es una organizaci\u00f3n sin fines de lucro compuesta por organizaciones financiadas por el SCFD. Desde 1994, The Collaborative ha trabajado juntos invirtiendo una parte de sus premios SCFD en esfuerzos conjuntos para hacer cosas juntas que no podr\u00edamos hacer solos a trav\u00e9s de la colaboraci\u00f3n, el servicio regional y la accesibilidad. Las actividades incluyen:<\/p>\n<ul>\n<li><a href=\"https:\/\/www.explorableplaces.com\/places?near=denver&amp;radius=50\" target=\"_blank\" rel=\"noopener noreferrer\">Lugares Explorables: <\/a>una plataforma en l\u00ednea que ayuda a educadores y padres a descubrir talleres, asambleas, excursiones y capacitaci\u00f3n profesional de maestros de m\u00e1s de 30 organizaciones de arte, cultura y ciencias. Los profesores\/padres pueden usar b\u00fasquedas filtradas sin costo alguno.<\/li>\n<li><a href=\"https:\/\/www.sccollaborative.org\/alliance_project.html\" target=\"_blank\" rel=\"noopener noreferrer\">El Proyecto Alianza: <\/a>proporciona a las escuelas p\u00fablicas seleccionadas en cada uno de los siete condados una subvenci\u00f3n de varios a\u00f1os que proporciona programaci\u00f3n basada en el curr\u00edculo a petici\u00f3n de los maestros. El Director Colaborativo trabaja con un equipo de profesores interdisciplinarios que sugieren programas para complementar su curr\u00edculo. La naturaleza \u00fanica del Proyecto Alianza permite a los equipos de maestros solicitar talleres a medida, as\u00ed como solicitar exhibiciones en la escuela, excursiones y asambleas. Tambi\u00e9n est\u00e1 disponible el apoyo de los profesores de autob\u00fas y sustitutos. Las solicitudes vencen cada mes de abril.<\/li>\n<\/ul>\n<h3>CBCA<\/h3>\n<p>El Comit\u00e9 de Negocios para las Artes de Colorado<a href=\"https:\/\/cbca.org\/\" target=\"_blank\" rel=\"noopener noreferrer\">(CBCA)<\/a>trabaja para promover la econom\u00eda creativa de Colorado conectando los negocios y las artes. La organizaci\u00f3n se centra en los esfuerzos de promoci\u00f3n, investigaci\u00f3n, capacitaci\u00f3n y participaci\u00f3n art\u00edstica durante todo el a\u00f1o, incluyendo un informe bienal que cuantifica las contribuciones econ\u00f3micas que las artes y la cultura hacen en el \u00e1rea metropolitana de Denver.<\/p>\n","protected":false},"excerpt":{"rendered":"<p>Polinizaci\u00f3n cruzada y colaboraci\u00f3n Uno de los mejores subproductos del SCFD son las asociaciones que florecen entre las organizaciones culturales financiadas, el SCFD y sus socios. Estos contin\u00faan desarroll\u00e1ndose y&#8230;<\/p>\n","protected":false},"author":3,"featured_media":0,"parent":2373,"menu_order":3,"comment_status":"closed","ping_status":"closed","template":"","meta":{"_acf_changed":false,"footnotes":""},"class_list":["post-2379","page","type-page","status-publish","hentry"],"acf":[],"publishpress_future_action":{"enabled":false,"date":"2026-05-19 11:39:20","action":"change-status","newStatus":"draft","terms":[],"taxonomy":"translation_priority","extraData":[]},"publishpress_future_workflow_manual_trigger":{"enabledWorkflows":[]},"_links":{"self":[{"href":"https:\/\/scfd.org\/es\/wp-json\/wp\/v2\/pages\/2379","targetHints":{"allow":["GET"]}}],"collection":[{"href":"https:\/\/scfd.org\/es\/wp-json\/wp\/v2\/pages"}],"about":[{"href":"https:\/\/scfd.org\/es\/wp-json\/wp\/v2\/types\/page"}],"author":[{"embeddable":true,"href":"https:\/\/scfd.org\/es\/wp-json\/wp\/v2\/users\/3"}],"replies":[{"embeddable":true,"href":"https:\/\/scfd.org\/es\/wp-json\/wp\/v2\/comments?post=2379"}],"version-history":[{"count":0,"href":"https:\/\/scfd.org\/es\/wp-json\/wp\/v2\/pages\/2379\/revisions"}],"up":[{"embeddable":true,"href":"https:\/\/scfd.org\/es\/wp-json\/wp\/v2\/pages\/2373"}],"wp:attachment":[{"href":"https:\/\/scfd.org\/es\/wp-json\/wp\/v2\/media?parent=2379"}],"curies":[{"name":"wp","href":"https:\/\/api.w.org\/{rel}","templated":true}]}}