{"id":2380,"date":"2020-01-27T12:09:28","date_gmt":"2020-01-27T19:09:28","guid":{"rendered":"http:\/\/scfd.org\/nuestro-impacto\/informes-anuales-y-finanzas\/"},"modified":"2024-10-21T10:23:24","modified_gmt":"2024-10-21T16:23:24","slug":"informes-anuales-y-finanzas","status":"publish","type":"page","link":"https:\/\/scfd.org\/es\/nuestro-impacto\/informes-anuales-y-finanzas\/","title":{"rendered":"Informes Anuales y Finanzas"},"content":{"rendered":"<h2>Informes Anuales<\/h2>\n<p>Debido a que nuestra comunidad metropolitana de Denver cree en el valor de las artes, la cultura y la ciencia, \u00a1hay maravillas en su patio trasero todos los d\u00edas del a\u00f1o! Explore los informes anuales de SCFD para ver el impacto que un centavo puede tener en nuestra vitalidad cultural.<\/p>\n<p>Tenga en cuenta que los documentos de esta p\u00e1gina se abrir\u00e1n en formato pdf. Si necesita alguna adaptaci\u00f3n con respecto a los pdf del informe anual, comun\u00edquese con el personal de SCFD al scfd@scfd.org o al 303-860-0588 ext. 116. <\/p>\n","protected":false},"excerpt":{"rendered":"<p>Informes Anuales Debido a que nuestra comunidad metropolitana de Denver cree en el valor de las artes, la cultura y la ciencia, \u00a1hay maravillas en su patio trasero todos los&#8230;<\/p>\n","protected":false},"author":3,"featured_media":0,"parent":2373,"menu_order":2,"comment_status":"closed","ping_status":"closed","template":"","meta":{"_acf_changed":false,"footnotes":""},"class_list":["post-2380","page","type-page","status-publish","hentry"],"acf":[],"publishpress_future_action":{"enabled":false,"date":"2026-04-22 21:35:43","action":"change-status","newStatus":"draft","terms":[],"taxonomy":"translation_priority","extraData":[]},"publishpress_future_workflow_manual_trigger":{"enabledWorkflows":[]},"_links":{"self":[{"href":"https:\/\/scfd.org\/es\/wp-json\/wp\/v2\/pages\/2380","targetHints":{"allow":["GET"]}}],"collection":[{"href":"https:\/\/scfd.org\/es\/wp-json\/wp\/v2\/pages"}],"about":[{"href":"https:\/\/scfd.org\/es\/wp-json\/wp\/v2\/types\/page"}],"author":[{"embeddable":true,"href":"https:\/\/scfd.org\/es\/wp-json\/wp\/v2\/users\/3"}],"replies":[{"embeddable":true,"href":"https:\/\/scfd.org\/es\/wp-json\/wp\/v2\/comments?post=2380"}],"version-history":[{"count":0,"href":"https:\/\/scfd.org\/es\/wp-json\/wp\/v2\/pages\/2380\/revisions"}],"up":[{"embeddable":true,"href":"https:\/\/scfd.org\/es\/wp-json\/wp\/v2\/pages\/2373"}],"wp:attachment":[{"href":"https:\/\/scfd.org\/es\/wp-json\/wp\/v2\/media?parent=2380"}],"curies":[{"name":"wp","href":"https:\/\/api.w.org\/{rel}","templated":true}]}}