{"id":2382,"date":"2020-01-27T12:09:28","date_gmt":"2020-01-27T19:09:28","guid":{"rendered":"http:\/\/scfd.org\/nuestro-impacto\/eventos-scfd\/"},"modified":"2023-01-12T07:59:20","modified_gmt":"2023-01-12T14:59:20","slug":"eventos-scfd","status":"publish","type":"page","link":"https:\/\/scfd.org\/es\/nuestro-impacto\/eventos-scfd\/","title":{"rendered":"Eventos SCFD"},"content":{"rendered":"<h2>\u00a1Fiesta como es 1989!<\/h2>\n<p>Desde finales de los a\u00f1os 80, SCFD continuamente encuentra nuevas formas de iluminar y entretener. No solo financiamos la cultura, sino que tambi\u00e9n encontramos formas de apoyar a las organizaciones a trav\u00e9s de eventos de creaci\u00f3n de capacidad y celebrar la maravilla de la cultura con la comunidad. \u00a1Esperamos verte en un evento de SCFD pronto!<\/p>\n","protected":false},"excerpt":{"rendered":"<p>\u00a1Fiesta como es 1989! Desde finales de los a\u00f1os 80, SCFD continuamente encuentra nuevas formas de iluminar y entretener. No solo financiamos la cultura, sino que tambi\u00e9n encontramos formas de&#8230;<\/p>\n","protected":false},"author":12,"featured_media":0,"parent":2373,"menu_order":4,"comment_status":"closed","ping_status":"closed","template":"","meta":{"_acf_changed":false,"footnotes":""},"class_list":["post-2382","page","type-page","status-publish","hentry"],"acf":[],"publishpress_future_action":{"enabled":false,"date":"2026-05-04 02:04:24","action":"change-status","newStatus":"draft","terms":[],"taxonomy":"translation_priority","extraData":[]},"publishpress_future_workflow_manual_trigger":{"enabledWorkflows":[]},"_links":{"self":[{"href":"https:\/\/scfd.org\/es\/wp-json\/wp\/v2\/pages\/2382","targetHints":{"allow":["GET"]}}],"collection":[{"href":"https:\/\/scfd.org\/es\/wp-json\/wp\/v2\/pages"}],"about":[{"href":"https:\/\/scfd.org\/es\/wp-json\/wp\/v2\/types\/page"}],"author":[{"embeddable":true,"href":"https:\/\/scfd.org\/es\/wp-json\/wp\/v2\/users\/12"}],"replies":[{"embeddable":true,"href":"https:\/\/scfd.org\/es\/wp-json\/wp\/v2\/comments?post=2382"}],"version-history":[{"count":0,"href":"https:\/\/scfd.org\/es\/wp-json\/wp\/v2\/pages\/2382\/revisions"}],"up":[{"embeddable":true,"href":"https:\/\/scfd.org\/es\/wp-json\/wp\/v2\/pages\/2373"}],"wp:attachment":[{"href":"https:\/\/scfd.org\/es\/wp-json\/wp\/v2\/media?parent=2382"}],"curies":[{"name":"wp","href":"https:\/\/api.w.org\/{rel}","templated":true}]}}