{"id":2807,"date":"2020-01-27T14:48:08","date_gmt":"2020-01-27T21:48:08","guid":{"rendered":"http:\/\/scfd.org\/kit-de-herramientas-para-comunicadores\/"},"modified":"2023-01-12T07:52:07","modified_gmt":"2023-01-12T14:52:07","slug":"kit-de-herramientas-para-comunicadores","status":"publish","type":"page","link":"https:\/\/scfd.org\/es\/kit-de-herramientas-para-comunicadores\/","title":{"rendered":"Kit de herramientas para comunicadores"},"content":{"rendered":"<h2>Usa tu voz<\/h2>\n<p>El SCFD es un distrito creado por residentes que depende del apoyo de la comunidad para seguir operando. Cuatro veces, los votantes del \u00e1rea metropolitana han acordado invertir en su futuro cultural lanzando SCFD y manteni\u00e9ndolo en marcha. Necesitamos su ayuda para difundir el valor de SCFD a todos nosotros.<\/p>\n<p>\u00bfQu\u00e9 puedes hacer para ayudar?<\/p>\n<ol>\n<li>Comparte nuestro contenido de redes sociales con tus redes.<\/li>\n<li>Usa nuestro nuevo logotipo y marca siempre que puedas.<\/li>\n<li>Si usted es un socio financiado, comparta nuestra nueva marca y logotipo con sus miembros y partes interesadas.<\/li>\n<\/ol>\n<hr>\n<h2>SCFD 101<\/h2>\n<p>Si necesita hablar sobre SCFD con grupos o individuos, aqu\u00ed hay una <a href=\"https:\/\/scfd.org\/wp-content\/uploads\/2023\/01\/SCFD-101-Fact-Sheet-General-2022.pdf\">hoja informativa<\/a> \u00fatil para ayudarle a iniciar la conversaci\u00f3n.<\/p>\n<hr>\n<h2>Kit de herramientas de marca SCFD<\/h2>\n<p>La marca evolucionada de SCFD es una mezcla de cualidades emocionales y racionales, con un aspecto m\u00e1s audaz, tono y sensaci\u00f3n que es hol\u00edsticamente atractivo! Es importante mantener la coherencia en la marca y el mensaje, para asegurar que nuestra comunidad entienda y ame el SCFD y todo el arte que representamos. <span style=\"text-decoration: underline;\">El logotipo de SCFD no puede ser manipulado o cambiado de ninguna manera.<\/span><\/p>\n<h3>T\u00edtulos y mensajes clave<\/h3>\n<div>\n<p class=\"p--large\" style=\"font-weight: 500; font-size: 20px;\">Cultura para todos.<\/p>\n<p class=\"p--large\" style=\"font-weight: 500; font-size: 20px;\">M\u00e1s audaz y brillante.<\/p>\n<p class=\"p--large\" style=\"font-weight: 500; font-size: 20px;\">Gracias a SCFD.<\/p>\n<p class=\"p--large\" style=\"font-weight: 500; font-size: 20px;\">La vida es m\u00e1s colorida con SCFD.<\/p>\n<p class=\"p--large\" style=\"font-weight: 500; font-size: 20px;\">SCFD hace que nuestra comunidad sea m\u00e1s vibrante.<\/p>\n<\/div>\n<p><strong>TODOS SON BIENVENIDOS<\/strong>: La inclusi\u00f3n, la equidad y la diversidad son valores cr\u00edticos en la misi\u00f3n de SCFD. Los residentes pagan este impuesto y luego se infunde de nuevo en casi 300 diversas organizaciones culturales en nuestra regi\u00f3n metropolitana de siete condados. Este financiamiento hace que la cultura en nuestra comunidad est\u00e9 disponible y sea asequible para todos los ni\u00f1os y adultos. Es posible que haya notado que los precios de las entradas en nuestros lugares culturales son m\u00e1s asequibles que en instituciones similares en otros estados. SCFD reduce los gastos operativos de las organizaciones que soporta y les permite ofrecer precios de menor costo. Hay m\u00e1s de 100 d\u00edas libres ofrecidos en todo el espectro de organizaciones culturales cada a\u00f1o. Asombro y maravilla no s\u00f3lo est\u00e1n disponibles, pero accesibles para todos.<\/p>\n<p><strong>ENGAGING THE CUBS<\/strong>: Los escolares reciben beneficios significativos de la financiaci\u00f3n de SCFD. En promedio, los estudiantes en el \u00e1rea metropolitana de siete condados reciben ocho experiencias distintas relacionadas con la cultura y la ciencia cada a\u00f1o. Estas experiencias educativas enriquecedoras se extienden a trav\u00e9s de los 19 distritos escolares de toda la regi\u00f3n. Las excursiones son m\u00e1s maravillosas, gracias a SCFD.<\/p>\n<p><strong>PROTECCION PARA EL FUTURO<\/strong>: A trav\u00e9s de SCFD, se est\u00e1n conservando colecciones invaluables de animales, arte, plantas, historia natural y sitios hist\u00f3ricos para nuestros ni\u00f1os y las generaciones futuras. Las experiencias culturales plantan una semilla dentro de nuestros ni\u00f1os que, en \u00faltima instancia, impacta su crecimiento en estudiantes de mayor rendimiento y adultos bien redondeados. SCFD es un impuesto que proporciona disfrute instant\u00e1neo, pero tambi\u00e9n construye equidad en el car\u00e1cter de nuestra gente, la calidad de vida en nuestra comunidad, y activos invaluables para nuestro futuro.<\/p>\n<hr>\n<h3>Logos &amp; Paleta de colores<\/h3>\n<p>Si necesita un archivo de logotipo diferente, p\u00f3ngase en contacto con la oficina de <a href=\"https:\/\/scfd.org\/es\/quienes-somos\/nuestra-junta-directiva-y-personal\/\">SCFD.<\/a><\/p>\n","protected":false},"excerpt":{"rendered":"<p>Usa tu voz El SCFD es un distrito creado por residentes que depende del apoyo de la comunidad para seguir operando. Cuatro veces, los votantes del \u00e1rea metropolitana han acordado&#8230;<\/p>\n","protected":false},"author":3,"featured_media":0,"parent":0,"menu_order":1,"comment_status":"closed","ping_status":"closed","template":"","meta":{"_acf_changed":false,"footnotes":""},"class_list":["post-2807","page","type-page","status-publish","hentry"],"acf":[],"publishpress_future_action":{"enabled":false,"date":"2026-04-12 21:44:41","action":"change-status","newStatus":"draft","terms":[],"taxonomy":"translation_priority","extraData":[]},"publishpress_future_workflow_manual_trigger":{"enabledWorkflows":[]},"_links":{"self":[{"href":"https:\/\/scfd.org\/es\/wp-json\/wp\/v2\/pages\/2807","targetHints":{"allow":["GET"]}}],"collection":[{"href":"https:\/\/scfd.org\/es\/wp-json\/wp\/v2\/pages"}],"about":[{"href":"https:\/\/scfd.org\/es\/wp-json\/wp\/v2\/types\/page"}],"author":[{"embeddable":true,"href":"https:\/\/scfd.org\/es\/wp-json\/wp\/v2\/users\/3"}],"replies":[{"embeddable":true,"href":"https:\/\/scfd.org\/es\/wp-json\/wp\/v2\/comments?post=2807"}],"version-history":[{"count":0,"href":"https:\/\/scfd.org\/es\/wp-json\/wp\/v2\/pages\/2807\/revisions"}],"wp:attachment":[{"href":"https:\/\/scfd.org\/es\/wp-json\/wp\/v2\/media?parent=2807"}],"curies":[{"name":"wp","href":"https:\/\/api.w.org\/{rel}","templated":true}]}}