{"id":2847,"date":"2020-01-27T14:48:20","date_gmt":"2020-01-27T21:48:20","guid":{"rendered":"http:\/\/scfd.org\/concesion-de-subvenciones\/ya-esta-financiado\/nivel-i\/"},"modified":"2023-01-12T08:03:48","modified_gmt":"2023-01-12T15:03:48","slug":"nivel-i","status":"publish","type":"page","link":"https:\/\/scfd.org\/es\/concesion-de-subvenciones\/ya-esta-financiado\/nivel-i\/","title":{"rendered":"Nivel I"},"content":{"rendered":"<h2>La familia de organizaciones SCFD: Nivel I<\/h2>\n<p class=\"p--large\" style=\"font-weight: 500; font-size: 20px;\">Por ley, el nivel I se compone de cinco grandes instituciones culturales regionales: el Museo de Arte de Denver, el Jard\u00edn Bot\u00e1nico de Denver, el Centro de Las Artes Esc\u00e9nicas de Denver, el Museo de Naturaleza y Ciencia de Denver y el Zool\u00f3gico de Denver. Las organizaciones de nivel I reciben el 64% de los fondos DeSCFD.<\/p>\n<hr>\n<h3>Talleres y apoyo<\/h3>\n<p>El personal de SCFD est\u00e1 encantado de proporcionar asistencia a las organizaciones durante todo el a\u00f1o.<\/p>\n<ul>\n<li><a href=\"https:\/\/scfd.org\/wp-content\/uploads\/2021\/01\/Fluxx-Grant-Portal-Guide-2021.01.pdf\" rel=\"noopener\">Gu\u00eda del portal de Fluxx<\/a><\/li>\n<li style=\"text-align: left;\"><a href=\"https:\/\/www.youtube.com\/watch?v=On9SDOBEjhk&amp;feature=youtu.be&amp;ab_channel=SCFD\" target=\"_blank\" rel=\"noopener\">Tutorial en l\u00ednea &#8211; Navegaci\u00f3n Fluxx<\/a><\/li>\n<li><a href=\"https:\/\/scfd.org\/wp-content\/uploads\/2022\/12\/2023-Tier-I-Calendar_FINAL.pdf\" rel=\"noopener\">Calendario Tier I 2023<\/a><\/li>\n<li><a href=\"https:\/\/scfd.org\/es\/concesion-de-subvenciones\/calendario-de-horarios-de-subvenciones\/\">Calendario de horarios de subvenciones<\/a><\/li>\n<\/ul>\n<hr>\n<h3>Informe de certificaci\u00f3n<\/h3>\n<p><strong>Fecha l\u00edmite: 26 de abril de 2023 a las 4:00 PM<\/strong><\/p>\n<p>Recursos importantes:<\/p>\n<ul>\n<li><a href=\"https:\/\/scfd.org\/wp-content\/uploads\/2022\/12\/2023-Tier-I-Annual-Certification-Directions-FINAL-1.pdf\" rel=\"noopener\">Instrucciones de certificaci\u00f3n<\/a><\/li>\n<li><a href=\"https:\/\/scfd.org\/wp-content\/uploads\/2019\/12\/SCFD-STATUTORY-EXCLUSIONS-FOR-USE-OF-FUNDS.pdf\" rel=\"noopener\">Cosas para las que no se pueden usar los fondos del SCFD<\/a><\/li>\n<\/ul>\n<p><a class=\"button button--shortcode button--normal\" href=\"https:\/\/scfd.fluxx.io\/user_sessions\/new\">Acceso al portal SCFD<\/a><\/p>\n<hr>\n<h4>La Colaboraci\u00f3n de la Membres\u00eda de SCFD<\/h4>\n<p>Todas las organizaciones de nivel I son elegibles para ser miembros de The Collaborative of the SCFD. <a href=\"https:\/\/collaborativescfd.org\/\">P\u00f3ngase en contacto con para obtener m\u00e1s informaci\u00f3n. <\/a><\/p>\n","protected":false},"excerpt":{"rendered":"<p>La familia de organizaciones SCFD: Nivel I Por ley, el nivel I se compone de cinco grandes instituciones culturales regionales: el Museo de Arte de Denver, el Jard\u00edn Bot\u00e1nico de&#8230;<\/p>\n","protected":false},"author":3,"featured_media":0,"parent":2846,"menu_order":1,"comment_status":"closed","ping_status":"closed","template":"","meta":{"_acf_changed":false,"footnotes":""},"class_list":["post-2847","page","type-page","status-publish","hentry"],"acf":[],"publishpress_future_action":{"enabled":false,"date":"2026-04-17 23:33:43","action":"change-status","newStatus":"draft","terms":[],"taxonomy":"translation_priority","extraData":[]},"publishpress_future_workflow_manual_trigger":{"enabledWorkflows":[]},"_links":{"self":[{"href":"https:\/\/scfd.org\/es\/wp-json\/wp\/v2\/pages\/2847","targetHints":{"allow":["GET"]}}],"collection":[{"href":"https:\/\/scfd.org\/es\/wp-json\/wp\/v2\/pages"}],"about":[{"href":"https:\/\/scfd.org\/es\/wp-json\/wp\/v2\/types\/page"}],"author":[{"embeddable":true,"href":"https:\/\/scfd.org\/es\/wp-json\/wp\/v2\/users\/3"}],"replies":[{"embeddable":true,"href":"https:\/\/scfd.org\/es\/wp-json\/wp\/v2\/comments?post=2847"}],"version-history":[{"count":0,"href":"https:\/\/scfd.org\/es\/wp-json\/wp\/v2\/pages\/2847\/revisions"}],"up":[{"embeddable":true,"href":"https:\/\/scfd.org\/es\/wp-json\/wp\/v2\/pages\/2846"}],"wp:attachment":[{"href":"https:\/\/scfd.org\/es\/wp-json\/wp\/v2\/media?parent=2847"}],"curies":[{"name":"wp","href":"https:\/\/api.w.org\/{rel}","templated":true}]}}