{"id":2850,"date":"2020-01-27T14:48:21","date_gmt":"2020-01-27T21:48:21","guid":{"rendered":"http:\/\/scfd.org\/concesion-de-subvenciones\/ya-esta-financiado\/recursos\/"},"modified":"2022-12-08T07:58:38","modified_gmt":"2022-12-08T14:58:38","slug":"recursos","status":"publish","type":"page","link":"https:\/\/scfd.org\/es\/concesion-de-subvenciones\/ya-esta-financiado\/recursos\/","title":{"rendered":"Recursos"},"content":{"rendered":"<p><strong><a href=\"https:\/\/www.redlineart.org\/arts-in-society\">Programa de Becas Arts in Society<\/a><br \/>\n<\/strong>Comisariado por Redline, Arts in Society es un programa colaborativo de concesi\u00f3n de subvenciones que fomenta el trabajo intersectorial a trav\u00e9s de las artes apoyando la integraci\u00f3n de las artes y la cultura en m\u00faltiples disciplinas cr\u00edticas para la salud y el bienestar de Coloradans.<\/p>\n<p><a href=\"https:\/\/bonfils-stantonfoundation.org\/\"><strong>Fundaci\u00f3n Bonfils-Stanton<\/strong><\/a><br \/>\nLa Fundaci\u00f3n Bonfils-Stanton proporciona estrat\u00e9gicamente subvenciones y becas para avanzar en las artes e inspirar liderazgo creativo en Denver. Cada a\u00f1o, dan m\u00e1s de $3 millones a organizaciones art\u00edsticas y l\u00edderes sin fines de lucro, creyendo que estas entidades e individuos son cr\u00edticos para construir y sostener una comunidad vibrante.<\/p>\n<p><strong><a href=\"https:\/\/boulderarts.org\/\">Oficina de Artes y Cultura de Boulder<\/a><\/strong><br \/>\nA trav\u00e9s de un conjunto de programas que incluyen becas culturales, arte p\u00fablico, iniciativas para artistas, la econom\u00eda creativa y la investigaci\u00f3n, la Oficina de Artes y Cultura busca facilitar una alineaci\u00f3n en la comunidad en torno a nuestra Visi\u00f3n colectiva para la Cultura: <em>Juntos, crearemos el entorno social, f\u00edsico y cultural de Boulder para incluir la creatividad como un ingrediente esencial para el bienestar, la prosperidad y la alegr\u00eda de todos en la comunidad.<\/em><\/p>\n<p><strong><a href=\"https:\/\/www.c3-colorado.org\/\" target=\"_blank\" rel=\"noopener\">C3 &#8211; Conexi\u00f3n inform\u00e1tica comunitaria<\/a><\/strong><br \/>\nC3 suministra computadoras y equipos asequibles a organizaciones sin fines de lucro, escuelas y comunidades de bajos ingresos. Se asocian con empresas del sector p\u00fablico y privado para recopilar activos de TI que se est\u00e1n retirando del servicio y luego reparar y renovar equipos inform\u00e1ticos para que puedan ser reutilizados.<\/p>\n<p><a href=\"https:\/\/cbca.org\/\"><strong>Comit\u00e9 de Negocios para las Artes de Colorado<\/strong><\/a><a href=\"http:\/\/cbca.org\/\" target=\"_blank\" rel=\"noopener noreferrer\"><br \/>\n<\/a>Colorado Business Committee for the Arts trabaja para promover la econom\u00eda creativa de Colorado conectando los negocios y las artes. Los principales programas incluyen Leadership Arts, CO Attorneys for the Arts, Arts+Industry Forum Series, y un estudio bienal de actividad econ\u00f3mica.<\/p>\n<p><a href=\"http:\/\/www.coloradocreativeindustries.org\/\"><strong>Colorado Creative Industries<\/strong><\/a><a href=\"http:\/\/www.coloradocreativeindustries.org\/\" target=\"_blank\" rel=\"noopener noreferrer\"><br \/>\n<\/a>Una divisi\u00f3n de la Oficina de Desarrollo Econ\u00f3mico y Comercio Internacional de Colorado, Colorado Creative Industries ve un futuro donde Colorado es un estreno de &#8220;Econom\u00eda Creativa&#8221;. La misi\u00f3n de CCI es promover, apoyar y expandir las industrias creativas para impulsar la econom\u00eda de Colorado, crear empleos y mejorar nuestra calidad de vida.<\/p>\n<p><a href=\"https:\/\/crcamerica.org\/resources\/colorado-grants-guide\/\"><strong>Gu\u00eda de Subvenciones de Colorado<\/strong><\/a><br \/>\nLa Gu\u00eda de Subvenciones de Colorado est\u00e1 disponible para su compra en l\u00ednea en el Centro de Recursos Comunitarios y contiene m\u00e1s de 780 perfiles de financiadores y \u00e1reas de financiamiento por intereses, ubicaci\u00f3n geogr\u00e1fica o tipo de subvenci\u00f3n.<\/p>\n<p><a href=\"https:\/\/www.coloradononprofits.org\/\"><strong>Asociaci\u00f3n sin fines de lucro de Colorado<\/strong><\/a><br \/>\nColorado Nonprofit Association es una organizaci\u00f3n de membres\u00eda estatal que existe para fortalecer las organizaciones sin fines de lucro educando e informando a las organizaciones sin fines de lucro de Colorado sobre nuevas ideas, mejores pr\u00e1cticas y pol\u00edticas p\u00fablicas apremiantes para lograr un mayor impacto en las comunidades de Colorado.<\/p>\n<p><strong><a href=\"https:\/\/conplc.org\/\" target=\"_blank\" rel=\"noopener\">Centro Legal sin fines de lucro de Colorado<\/a><\/strong><br \/>\nNonprofit Legal Center est\u00e1 aqu\u00ed para proporcionar experiencia legal y orientaci\u00f3n para garantizar que las organizaciones sin fines de lucro puedan cumplir sus misiones y continuar sirviendo a sus comunidades.<\/p>\n<p><a href=\"http:\/\/www.denverfoundation.org\/Community\/Impact-Areas\/Colorado-Nonprofit-Loan-Fund\"><strong>Fondo de Pr\u00e9stamos para Organizaciones Sin Fines de Lucro de Colorado<\/strong><\/a><a href=\"http:\/\/www.denverfoundation.org\/community\/page\/colorado-nonprofit-loan-fund\" target=\"_blank\" rel=\"noopener noreferrer\"><br \/>\n<\/a>Administrado por la Fundaci\u00f3n Denver, The Colorado Nonprofit Loan Fund, anteriormente Community Cash Flow Fund, tiene fondos disponibles para pr\u00e9stamos a organizaciones sin fines de lucro para ayudar a salvar los problemas de tiempo de flujo de efectivo.<\/p>\n<p><a href=\"https:\/\/unitedwaydenver.org\/community-acts-fund\/\"><strong>Fondo Comunitario ACTS<\/strong><\/a><br \/>\nEste programa de subvenciones para el desarrollo de capacidades es para organizaciones SCFD Tier III cuya misi\u00f3n establece un enfoque espec\u00edfico en comunidades hist\u00f3ricamente marginadas y de escasos recursos definidas O al menos el 51% de la programaci\u00f3n se centra en involucrar y apoyar a determinadas comunidades hist\u00f3ricamente<br \/>\ncomunidades marginadas y con pocos recursos Y al menos el 51% del consejo de administraci\u00f3n o personal est\u00e1 formado por individuos de comunidades hist\u00f3ricamente marginadas y con pocos recursos definidos.<\/p>\n<p><a href=\"http:\/\/crcamerica.org\/\"><strong>Centro de Recursos Comunitarios<\/strong><\/a><a href=\"http:\/\/crcamerica.org\/\" target=\"_blank\" rel=\"noopener noreferrer\"><br \/>\n<\/a>CRC ayuda a las organizaciones sin fines de lucro de Colorado a cumplir sus misiones mediante la introducci\u00f3n de herramientas, t\u00e9cnicas y tecnolog\u00eda para aumentar la capacidad organizativa. CRC ofrece una amplia gama de asistencia t\u00e9cnica y servicios de capacitaci\u00f3n a organizaciones sin fines de lucro y grupos comunitarios.<\/p>\n<p><a href=\"http:\/\/artsandvenuesdenver.com\/\"><strong>Denver Arts &amp; Venues<\/strong><\/a><a href=\"http:\/\/artsandvenuesdenver.com\/\" target=\"_blank\" rel=\"noopener noreferrer\"><br \/>\n<\/a>La misi\u00f3n de Denver Arts &amp; Venues es amplificar la calidad de vida y la vitalidad econ\u00f3mica de Denver a trav\u00e9s de lugares p\u00fablicos de primer nivel, artes y oportunidades de entretenimiento.<\/p>\n<p><strong>Fondo<br \/>\nde <a href=\"https:\/\/www.denvernonprofitloanfund.org\/\" target=\"_blank\" rel=\"noopener\">pr\u00e9stamos sin fines de lucro de Metro Denver<\/a><\/strong> El Fondo apoya la recuperaci\u00f3n y sostenibilidad del ecosistema sin fines de lucro de Metro Denver con asistencia t\u00e9cnica y pr\u00e9stamos sin intereses, priorizando organizaciones dirigidas por y\/o que sirven a negros, ind\u00edgenas y personas de color (BIPOC).<\/p>\n<p><a href=\"http:\/\/www.metrovolunteers.org\/\"><strong>Voluntarios del Metro<\/strong><\/a><a href=\"http:\/\/www.metrovolunteers.org\/\" target=\"_blank\" rel=\"noopener noreferrer\"><br \/>\n<\/a>Metro Volunteers fortalece nuestra comunidad al conectar a las personas con oportunidades de voluntariado y construir la eficacia de las organizaciones sin fines de lucro. Metro Volunteers tambi\u00e9n proporciona capacitaci\u00f3n para el personal y voluntarios.<\/p>\n<p><a href=\"https:\/\/www.techsoup.org\/\"><strong>TechSoup<\/strong><\/a><br \/>\nTechSoup equipa a organizaciones sin fines de lucro con soluciones tecnol\u00f3gicas transformadoras y las habilidades que necesitan para mejorar vidas a nivel mundial y local. La mayor\u00eda de las organizaciones sin fines de lucro son elegibles para servicios de software, hardware y tecnolog\u00eda donados o con grandes descuentos.<\/p>\n<p><a href=\"http:\/\/www.westaf.org\/\"><strong>Western States Arts Federation<\/strong><\/a><a href=\"http:\/\/www.westaf.org\/\" target=\"_blank\" rel=\"noopener noreferrer\"><br \/>\n<\/a>La Western States Arts Federation (WESTAF) es una organizaci\u00f3n regional de servicios art\u00edsticos sin fines de lucro cuya misi\u00f3n es fortalecer la infraestructura financiera, organizativa y pol\u00edtica de las artes en Occidente. Esto se logra ayudando a las agencias estatales de arte, organizaciones art\u00edsticas y artistas en su b\u00fasqueda para servir a audiencias diversas, enriquecer las vidas de las comunidades locales y proporcionar acceso a las artes y la educaci\u00f3n art\u00edstica para todos los ciudadanos.<\/p>\n","protected":false},"excerpt":{"rendered":"<p>Programa de Becas Arts in Society Comisariado por Redline, Arts in Society es un programa colaborativo de concesi\u00f3n de subvenciones que fomenta el trabajo intersectorial a trav\u00e9s de las artes&#8230;<\/p>\n","protected":false},"author":3,"featured_media":0,"parent":2846,"menu_order":7,"comment_status":"closed","ping_status":"closed","template":"","meta":{"_acf_changed":false,"footnotes":""},"class_list":["post-2850","page","type-page","status-publish","hentry"],"acf":[],"publishpress_future_action":{"enabled":false,"date":"2026-04-12 00:39:21","action":"change-status","newStatus":"draft","terms":[],"taxonomy":"translation_priority","extraData":[]},"publishpress_future_workflow_manual_trigger":{"enabledWorkflows":[]},"_links":{"self":[{"href":"https:\/\/scfd.org\/es\/wp-json\/wp\/v2\/pages\/2850","targetHints":{"allow":["GET"]}}],"collection":[{"href":"https:\/\/scfd.org\/es\/wp-json\/wp\/v2\/pages"}],"about":[{"href":"https:\/\/scfd.org\/es\/wp-json\/wp\/v2\/types\/page"}],"author":[{"embeddable":true,"href":"https:\/\/scfd.org\/es\/wp-json\/wp\/v2\/users\/3"}],"replies":[{"embeddable":true,"href":"https:\/\/scfd.org\/es\/wp-json\/wp\/v2\/comments?post=2850"}],"version-history":[{"count":0,"href":"https:\/\/scfd.org\/es\/wp-json\/wp\/v2\/pages\/2850\/revisions"}],"up":[{"embeddable":true,"href":"https:\/\/scfd.org\/es\/wp-json\/wp\/v2\/pages\/2846"}],"wp:attachment":[{"href":"https:\/\/scfd.org\/es\/wp-json\/wp\/v2\/media?parent=2850"}],"curies":[{"name":"wp","href":"https:\/\/api.w.org\/{rel}","templated":true}]}}