{"id":2858,"date":"2020-01-27T14:48:27","date_gmt":"2020-01-27T21:48:27","guid":{"rendered":"http:\/\/scfd.org\/concesion-de-subvenciones\/empezar\/es-scfd-para-usted\/"},"modified":"2025-02-28T09:34:08","modified_gmt":"2025-02-28T16:34:08","slug":"es-scfd-para-usted","status":"publish","type":"page","link":"https:\/\/scfd.org\/es\/concesion-de-subvenciones\/empezar\/es-scfd-para-usted\/","title":{"rendered":"\u00bfEs SCFD para usted?"},"content":{"rendered":"<h2>\u00bfMi organizaci\u00f3n es elegible para la financiaci\u00f3n de SCFD?<\/h2>\n<p>SCFD es un impuesto cultural aprobado por los votantes que se recauda y distribuye a organizaciones cient\u00edficas y culturales sin fines de lucro que sirven a los residentes del <a href=\"https:\/\/scfd.org\/wp-content\/uploads\/2019\/09\/SCFD-Seven-Counties_color.jpg\">\u00e1rea metropolitana-Denver<\/a>de siete condados.<\/p>\n<p>El primer paso hacia el apoyo de la subvenci\u00f3n de SCFD es recibir elegibilidad. Aunque las siguientes preguntas no proporcionar\u00e1n confirmaci\u00f3n oficial de elegibilidad, le ayudar\u00e1n a entender si es probable que su organizaci\u00f3n califique o no.<\/p>\n<p>Lo primero es lo primero:<\/p>\n<ul>\n<li>Si su organizaci\u00f3n ha recibido fondos de SCFD en el pasado pero no ha recibido fondos durante los \u00faltimos tres a\u00f1os consecutivos, debe volver a solicitar la elegibilidad.<\/li>\n<li>Si su organizaci\u00f3n recibe fondos del SCFD pero ha cambiado su declaraci\u00f3n de misi\u00f3n, actividades o ubicaci\u00f3n, no necesita volver a solicitar la elegibilidad, pero s\u00ed debe informar esos cambios a la oficina del SCFD de inmediato.<\/li>\n<\/ul>\n<div>\n<p>Las siguientes preguntas le ayudar\u00e1n a entender mejor si debe tomar medidas adicionales para explorar la elegibilidad.<\/p>\n<\/div>\n","protected":false},"excerpt":{"rendered":"<p>\u00bfMi organizaci\u00f3n es elegible para la financiaci\u00f3n de SCFD? SCFD es un impuesto cultural aprobado por los votantes que se recauda y distribuye a organizaciones cient\u00edficas y culturales sin fines&#8230;<\/p>\n","protected":false},"author":3,"featured_media":0,"parent":2840,"menu_order":1,"comment_status":"closed","ping_status":"closed","template":"","meta":{"_acf_changed":false,"footnotes":""},"class_list":["post-2858","page","type-page","status-publish","hentry"],"acf":[],"publishpress_future_action":{"enabled":false,"date":"2026-04-18 18:02:34","action":"change-status","newStatus":"draft","terms":[],"taxonomy":"translation_priority","extraData":[]},"publishpress_future_workflow_manual_trigger":{"enabledWorkflows":[]},"_links":{"self":[{"href":"https:\/\/scfd.org\/es\/wp-json\/wp\/v2\/pages\/2858","targetHints":{"allow":["GET"]}}],"collection":[{"href":"https:\/\/scfd.org\/es\/wp-json\/wp\/v2\/pages"}],"about":[{"href":"https:\/\/scfd.org\/es\/wp-json\/wp\/v2\/types\/page"}],"author":[{"embeddable":true,"href":"https:\/\/scfd.org\/es\/wp-json\/wp\/v2\/users\/3"}],"replies":[{"embeddable":true,"href":"https:\/\/scfd.org\/es\/wp-json\/wp\/v2\/comments?post=2858"}],"version-history":[{"count":0,"href":"https:\/\/scfd.org\/es\/wp-json\/wp\/v2\/pages\/2858\/revisions"}],"up":[{"embeddable":true,"href":"https:\/\/scfd.org\/es\/wp-json\/wp\/v2\/pages\/2840"}],"wp:attachment":[{"href":"https:\/\/scfd.org\/es\/wp-json\/wp\/v2\/media?parent=2858"}],"curies":[{"name":"wp","href":"https:\/\/api.w.org\/{rel}","templated":true}]}}