{"id":2863,"date":"2020-01-27T14:48:27","date_gmt":"2020-01-27T21:48:27","guid":{"rendered":"http:\/\/scfd.org\/contacto\/contactenos\/"},"modified":"2023-01-12T08:01:50","modified_gmt":"2023-01-12T15:01:50","slug":"contactenos","status":"publish","type":"page","link":"https:\/\/scfd.org\/es\/contacto\/contactenos\/","title":{"rendered":"cont\u00e1ctenos"},"content":{"rendered":"<h2>Comun\u00edquese con el SCFD<\/h2>\n<p>Oficina de SCFD<br \/>\n1047 Santa Fe Drive<br \/>\nDenver, CO 80204<\/p>\n<p>Horario: Lunes &#8211; Viernes, 8:30 AM &#8211; 5:00 PM<\/p>\n<p><em>Oficina abierta solo con cita previa. Por favor llame al n\u00famero principal\/correo electr\u00f3nico el correo electr\u00f3nico general a continuaci\u00f3n para programar una cita.<\/em><\/p>\n<p>La oficina de SCFD se encuentra en la planta baja del edificio Amick en Santa Fe Drive entre las calles 10 y 11. La oficina no est\u00e1 ubicado en la calle &#8211; est\u00e1 escondido dentro del estacionamiento y mira hacia el norte mirando hacia el estacionamiento hacia el mural de Colorado Ballet.<\/p>\n<p>N\u00famero principal: <a href=\"tel:+1303-860-0588\">303-860-0588<\/a><br \/>\nCorreo electr\u00f3nico general: <a href=\"mailto:scfd@scfd.org\">scfd@scfd.org<\/a><\/p>\n<p class=\"p--large\" style=\"font-weight: 500; font-size: 20px;\"><a class=\"button button--shortcode button--normal\" href=\"https:\/\/scfd.org\/who-we-are\/our-board-staff\/\">Directorio de Personal<\/a><\/p>\n<p><strong>Llegar aqu\u00ed:<\/strong><\/p>\n<ul>\n<li>La oficina de SCFD est\u00e1 a solo dos minutos a pie de la parada de autob\u00fas Kalamath Street &amp; 10th Ave y a 10 minutos a pie de la estaci\u00f3n de tren ligero 10th &amp; Osage<\/li>\n<li>Estantes para bicicletas disponibles en el establecimiento<\/li>\n<li>Hay aparcamiento en la calle disponible<\/li>\n<\/ul>\n","protected":false},"excerpt":{"rendered":"<p>Comun\u00edquese con el SCFD Oficina de SCFD 1047 Santa Fe Drive Denver, CO 80204 Horario: Lunes &#8211; Viernes, 8:30 AM &#8211; 5:00 PM Oficina abierta solo con cita previa. Por&#8230;<\/p>\n","protected":false},"author":12,"featured_media":0,"parent":2802,"menu_order":1,"comment_status":"closed","ping_status":"closed","template":"","meta":{"_acf_changed":false,"footnotes":""},"class_list":["post-2863","page","type-page","status-publish","hentry"],"acf":[],"publishpress_future_action":{"enabled":false,"date":"2026-04-23 09:19:09","action":"change-status","newStatus":"draft","terms":[],"taxonomy":"translation_priority","extraData":[]},"publishpress_future_workflow_manual_trigger":{"enabledWorkflows":[]},"_links":{"self":[{"href":"https:\/\/scfd.org\/es\/wp-json\/wp\/v2\/pages\/2863","targetHints":{"allow":["GET"]}}],"collection":[{"href":"https:\/\/scfd.org\/es\/wp-json\/wp\/v2\/pages"}],"about":[{"href":"https:\/\/scfd.org\/es\/wp-json\/wp\/v2\/types\/page"}],"author":[{"embeddable":true,"href":"https:\/\/scfd.org\/es\/wp-json\/wp\/v2\/users\/12"}],"replies":[{"embeddable":true,"href":"https:\/\/scfd.org\/es\/wp-json\/wp\/v2\/comments?post=2863"}],"version-history":[{"count":0,"href":"https:\/\/scfd.org\/es\/wp-json\/wp\/v2\/pages\/2863\/revisions"}],"up":[{"embeddable":true,"href":"https:\/\/scfd.org\/es\/wp-json\/wp\/v2\/pages\/2802"}],"wp:attachment":[{"href":"https:\/\/scfd.org\/es\/wp-json\/wp\/v2\/media?parent=2863"}],"curies":[{"name":"wp","href":"https:\/\/api.w.org\/{rel}","templated":true}]}}