{"id":2866,"date":"2020-01-27T14:48:27","date_gmt":"2020-01-27T21:48:27","guid":{"rendered":"http:\/\/scfd.org\/contacto\/solicitud-de-informacion-publica\/"},"modified":"2023-01-10T08:38:49","modified_gmt":"2023-01-10T15:38:49","slug":"solicitud-de-informacion-publica","status":"publish","type":"page","link":"https:\/\/scfd.org\/es\/contacto\/solicitud-de-informacion-publica\/","title":{"rendered":"Solicitud de informaci\u00f3n p\u00fablica"},"content":{"rendered":"<h2>\u00a1Sin cinta roja!<\/h2>\n<p>Seguimos y creemos en la Ley de Registros Abiertos de Colorado (CORA, por sus) Los documentos de SCFD, como las solicitudes de subvenciones, los informes finales y los documentos de la junta directiva, est\u00e1n abiertos al p\u00fablico. S\u00f3lo h\u00e1ganos saber lo que est\u00e1 buscando y nos volveremos a usted!<\/p>\n","protected":false},"excerpt":{"rendered":"<p>\u00a1Sin cinta roja! Seguimos y creemos en la Ley de Registros Abiertos de Colorado (CORA, por sus) Los documentos de SCFD, como las solicitudes de subvenciones, los informes finales y&#8230;<\/p>\n","protected":false},"author":12,"featured_media":0,"parent":2802,"menu_order":2,"comment_status":"closed","ping_status":"closed","template":"","meta":{"_acf_changed":false,"footnotes":""},"class_list":["post-2866","page","type-page","status-publish","hentry"],"acf":[],"publishpress_future_action":{"enabled":false,"date":"2026-04-22 08:44:16","action":"change-status","newStatus":"draft","terms":[],"taxonomy":"translation_priority","extraData":[]},"publishpress_future_workflow_manual_trigger":{"enabledWorkflows":[]},"_links":{"self":[{"href":"https:\/\/scfd.org\/es\/wp-json\/wp\/v2\/pages\/2866","targetHints":{"allow":["GET"]}}],"collection":[{"href":"https:\/\/scfd.org\/es\/wp-json\/wp\/v2\/pages"}],"about":[{"href":"https:\/\/scfd.org\/es\/wp-json\/wp\/v2\/types\/page"}],"author":[{"embeddable":true,"href":"https:\/\/scfd.org\/es\/wp-json\/wp\/v2\/users\/12"}],"replies":[{"embeddable":true,"href":"https:\/\/scfd.org\/es\/wp-json\/wp\/v2\/comments?post=2866"}],"version-history":[{"count":0,"href":"https:\/\/scfd.org\/es\/wp-json\/wp\/v2\/pages\/2866\/revisions"}],"up":[{"embeddable":true,"href":"https:\/\/scfd.org\/es\/wp-json\/wp\/v2\/pages\/2802"}],"wp:attachment":[{"href":"https:\/\/scfd.org\/es\/wp-json\/wp\/v2\/media?parent=2866"}],"curies":[{"name":"wp","href":"https:\/\/api.w.org\/{rel}","templated":true}]}}