{"id":2878,"date":"2020-01-27T14:48:30","date_gmt":"2020-01-27T21:48:30","guid":{"rendered":"http:\/\/scfd.org\/concesion-de-subvenciones\/ya-esta-financiado\/nivel-iii\/consejos-culturales-del-condado\/"},"modified":"2023-04-06T18:50:25","modified_gmt":"2023-04-07T00:50:25","slug":"consejos-culturales-del-condado","status":"publish","type":"page","link":"https:\/\/scfd.org\/es\/concesion-de-subvenciones\/ya-esta-financiado\/nivel-iii\/consejos-culturales-del-condado\/","title":{"rendered":"Consejos Culturales del Condado"},"content":{"rendered":"<h3><strong>Lo que hacen<\/strong><\/h3>\n<p>Cada condado asociado de SCFD tiene un consejo cultural del condado compuesto por voluntarios que viven en ese condado y son nombrados por la junta de comisionados del condado o el consejo de la ciudad. Estos consejos hacen recomendaciones de financiamiento sobre c\u00f3mo cada condado debe asignar su financiamiento anual de SCFD. Los miembros del Consejo revisan las solicitudes de subvenciones de las organizaciones, eval\u00faan esas solicitudes y proporcionan sus decisiones a la junta de comisionados del condado o al consejo de la ciudad para su revisi\u00f3n y aprobaci\u00f3n. Los miembros del Consejo deben adherirse a los conceptos de administraci\u00f3n de fondos p\u00fablicos y tratar de crear un proceso de evaluaci\u00f3n justo, \u00e9tico, respetuoso, abierto y objetivo para todas las organizaciones. Todas las reuniones del consejo cultural del condado est\u00e1n abiertas al p\u00fablico.&nbsp; Se alienta a las organizaciones interesadas en solicitar una subvenci\u00f3n a asistir y aprender m\u00e1s sobre el consejo en su condado.<\/p>\n<p>Obtenga enlaces a las pautas de cada <a href=\"https:\/\/scfd.org\/grantmaking\/funded-organizations\/tier-iii\/\">condado y otros recursos<\/a> para ayudarle a aplicar. Todos los condados proporcionan criterios de evaluaci\u00f3n para las organizaciones que aplican. Proporcionan preguntas \u00fatiles para las organizaciones mientras preparan sus solicitudes.<\/p>\n<h4><strong>Miembros y Contactos<\/strong><\/h4>\n","protected":false},"excerpt":{"rendered":"<p>Lo que hacen Cada condado asociado de SCFD tiene un consejo cultural del condado compuesto por voluntarios que viven en ese condado y son nombrados por la junta de comisionados&#8230;<\/p>\n","protected":false},"author":12,"featured_media":0,"parent":2851,"menu_order":0,"comment_status":"closed","ping_status":"closed","template":"","meta":{"_acf_changed":false,"footnotes":""},"class_list":["post-2878","page","type-page","status-publish","hentry"],"acf":[],"publishpress_future_action":{"enabled":false,"date":"2026-04-16 06:33:28","action":"change-status","newStatus":"draft","terms":[],"taxonomy":"translation_priority","extraData":[]},"publishpress_future_workflow_manual_trigger":{"enabledWorkflows":[]},"_links":{"self":[{"href":"https:\/\/scfd.org\/es\/wp-json\/wp\/v2\/pages\/2878","targetHints":{"allow":["GET"]}}],"collection":[{"href":"https:\/\/scfd.org\/es\/wp-json\/wp\/v2\/pages"}],"about":[{"href":"https:\/\/scfd.org\/es\/wp-json\/wp\/v2\/types\/page"}],"author":[{"embeddable":true,"href":"https:\/\/scfd.org\/es\/wp-json\/wp\/v2\/users\/12"}],"replies":[{"embeddable":true,"href":"https:\/\/scfd.org\/es\/wp-json\/wp\/v2\/comments?post=2878"}],"version-history":[{"count":0,"href":"https:\/\/scfd.org\/es\/wp-json\/wp\/v2\/pages\/2878\/revisions"}],"up":[{"embeddable":true,"href":"https:\/\/scfd.org\/es\/wp-json\/wp\/v2\/pages\/2851"}],"wp:attachment":[{"href":"https:\/\/scfd.org\/es\/wp-json\/wp\/v2\/media?parent=2878"}],"curies":[{"name":"wp","href":"https:\/\/api.w.org\/{rel}","templated":true}]}}