{"id":2914,"date":"2020-01-27T14:48:36","date_gmt":"2020-01-27T21:48:36","guid":{"rendered":"http:\/\/scfd.org\/concesion-de-subvenciones\/ya-esta-financiado\/nivel-iii\/distribuciones-de-nivel-iii\/"},"modified":"2023-01-12T08:10:04","modified_gmt":"2023-01-12T15:10:04","slug":"distribuciones-de-nivel-iii","status":"publish","type":"page","link":"https:\/\/scfd.org\/es\/concesion-de-subvenciones\/ya-esta-financiado\/nivel-iii\/distribuciones-de-nivel-iii\/","title":{"rendered":"Distribuciones de nivel III"},"content":{"rendered":"<h2>Financiaci\u00f3n cultural a nivel comunitario<\/h2>\n<p>Cada a\u00f1o, los Consejos Culturales del Condado de SCFD hacen recomendaciones de financiamiento sobre c\u00f3mo se deben gastar los fondos de Nivel III para servir mejor a los residentes de sus condados. Estas decisiones de financiaci\u00f3n se hacen oficiales cada septiembre.<\/p>\n","protected":false},"excerpt":{"rendered":"<p>Financiaci\u00f3n cultural a nivel comunitario Cada a\u00f1o, los Consejos Culturales del Condado de SCFD hacen recomendaciones de financiamiento sobre c\u00f3mo se deben gastar los fondos de Nivel III para servir&#8230;<\/p>\n","protected":false},"author":12,"featured_media":0,"parent":2851,"menu_order":0,"comment_status":"closed","ping_status":"closed","template":"","meta":{"_acf_changed":false,"footnotes":""},"class_list":["post-2914","page","type-page","status-publish","hentry"],"acf":[],"publishpress_future_action":{"enabled":false,"date":"2026-05-05 22:23:20","action":"change-status","newStatus":"draft","terms":[],"taxonomy":"translation_priority","extraData":[]},"publishpress_future_workflow_manual_trigger":{"enabledWorkflows":[]},"_links":{"self":[{"href":"https:\/\/scfd.org\/es\/wp-json\/wp\/v2\/pages\/2914","targetHints":{"allow":["GET"]}}],"collection":[{"href":"https:\/\/scfd.org\/es\/wp-json\/wp\/v2\/pages"}],"about":[{"href":"https:\/\/scfd.org\/es\/wp-json\/wp\/v2\/types\/page"}],"author":[{"embeddable":true,"href":"https:\/\/scfd.org\/es\/wp-json\/wp\/v2\/users\/12"}],"replies":[{"embeddable":true,"href":"https:\/\/scfd.org\/es\/wp-json\/wp\/v2\/comments?post=2914"}],"version-history":[{"count":0,"href":"https:\/\/scfd.org\/es\/wp-json\/wp\/v2\/pages\/2914\/revisions"}],"up":[{"embeddable":true,"href":"https:\/\/scfd.org\/es\/wp-json\/wp\/v2\/pages\/2851"}],"wp:attachment":[{"href":"https:\/\/scfd.org\/es\/wp-json\/wp\/v2\/media?parent=2914"}],"curies":[{"name":"wp","href":"https:\/\/api.w.org\/{rel}","templated":true}]}}