{"id":2917,"date":"2020-01-27T14:48:37","date_gmt":"2020-01-27T21:48:37","guid":{"rendered":"http:\/\/scfd.org\/enviar-evento\/"},"modified":"2023-01-12T08:11:01","modified_gmt":"2023-01-12T15:11:01","slug":"enviar-evento","status":"publish","type":"page","link":"https:\/\/scfd.org\/es\/enviar-evento\/","title":{"rendered":"Enviar evento"},"content":{"rendered":"<p>\u00a1Nos encantar\u00eda compartir sus eventos gratuitos con la comunidad!&nbsp; Por favor, rellene la siguiente informaci\u00f3n y agregaremos su evento al Calendario de D\u00edas Gratis de SCFD.&nbsp; <strong>Solo para organizaciones financiadas por SCFD.<\/strong><\/p>\n","protected":false},"excerpt":{"rendered":"<p>\u00a1Nos encantar\u00eda compartir sus eventos gratuitos con la comunidad!&nbsp; Por favor, rellene la siguiente informaci\u00f3n y agregaremos su evento al Calendario de D\u00edas Gratis de SCFD.&nbsp; Solo para organizaciones financiadas&#8230;<\/p>\n","protected":false},"author":3,"featured_media":0,"parent":0,"menu_order":0,"comment_status":"closed","ping_status":"closed","template":"","meta":{"_acf_changed":false,"footnotes":""},"class_list":["post-2917","page","type-page","status-publish","hentry"],"acf":[],"publishpress_future_action":{"enabled":false,"date":"2026-05-15 22:40:49","action":"change-status","newStatus":"draft","terms":[],"taxonomy":"translation_priority","extraData":[]},"publishpress_future_workflow_manual_trigger":{"enabledWorkflows":[]},"_links":{"self":[{"href":"https:\/\/scfd.org\/es\/wp-json\/wp\/v2\/pages\/2917","targetHints":{"allow":["GET"]}}],"collection":[{"href":"https:\/\/scfd.org\/es\/wp-json\/wp\/v2\/pages"}],"about":[{"href":"https:\/\/scfd.org\/es\/wp-json\/wp\/v2\/types\/page"}],"author":[{"embeddable":true,"href":"https:\/\/scfd.org\/es\/wp-json\/wp\/v2\/users\/3"}],"replies":[{"embeddable":true,"href":"https:\/\/scfd.org\/es\/wp-json\/wp\/v2\/comments?post=2917"}],"version-history":[{"count":0,"href":"https:\/\/scfd.org\/es\/wp-json\/wp\/v2\/pages\/2917\/revisions"}],"wp:attachment":[{"href":"https:\/\/scfd.org\/es\/wp-json\/wp\/v2\/media?parent=2917"}],"curies":[{"name":"wp","href":"https:\/\/api.w.org\/{rel}","templated":true}]}}