{"id":2918,"date":"2020-01-27T14:48:38","date_gmt":"2020-01-27T21:48:38","guid":{"rendered":"http:\/\/scfd.org\/enviar-trabajo\/"},"modified":"2021-07-20T14:20:35","modified_gmt":"2021-07-20T20:20:35","slug":"enviar-trabajo","status":"publish","type":"page","link":"https:\/\/scfd.org\/es\/enviar-trabajo\/","title":{"rendered":"Enviar trabajo"},"content":{"rendered":"<p>Como servicio al p\u00fablico, todas las organizaciones financiadas por SCFD y algunos socios comunitarios pueden presentar puestos de trabajo para ser incluidos en la Junta de Trabajo de SCFD. Aqu\u00ed est\u00e1 la informaci\u00f3n:<\/p>\n<ul>\n<li>Los trabajos estar\u00e1n en vivo en el sitio durante 30 d\u00edas<\/li>\n<li>Proporcione toda la informaci\u00f3n requerida en el siguiente formulario<\/li>\n<li>Para obtener ayuda, comun\u00edquese con <a href=\"https:\/\/scfd.org\/who-we-are\/our-board-staff\/\">el personal de SCFD<\/a><\/li>\n<li>Tenga en cuenta que el personal revisa las nuevas ofertas de trabajo como m\u00ednimo semanalmente: tenga paciencia con su publicaci\u00f3n en vivo<\/li>\n<\/ul>\n","protected":false},"excerpt":{"rendered":"<p>Como servicio al p\u00fablico, todas las organizaciones financiadas por SCFD y algunos socios comunitarios pueden presentar puestos de trabajo para ser incluidos en la Junta de Trabajo de SCFD. Aqu\u00ed&#8230;<\/p>\n","protected":false},"author":3,"featured_media":0,"parent":0,"menu_order":0,"comment_status":"closed","ping_status":"closed","template":"","meta":{"_acf_changed":false,"footnotes":""},"class_list":["post-2918","page","type-page","status-publish","hentry"],"acf":[],"publishpress_future_action":{"enabled":false,"date":"2026-05-20 13:01:05","action":"change-status","newStatus":"draft","terms":[],"taxonomy":"translation_priority","extraData":[]},"publishpress_future_workflow_manual_trigger":{"enabledWorkflows":[]},"_links":{"self":[{"href":"https:\/\/scfd.org\/es\/wp-json\/wp\/v2\/pages\/2918","targetHints":{"allow":["GET"]}}],"collection":[{"href":"https:\/\/scfd.org\/es\/wp-json\/wp\/v2\/pages"}],"about":[{"href":"https:\/\/scfd.org\/es\/wp-json\/wp\/v2\/types\/page"}],"author":[{"embeddable":true,"href":"https:\/\/scfd.org\/es\/wp-json\/wp\/v2\/users\/3"}],"replies":[{"embeddable":true,"href":"https:\/\/scfd.org\/es\/wp-json\/wp\/v2\/comments?post=2918"}],"version-history":[{"count":0,"href":"https:\/\/scfd.org\/es\/wp-json\/wp\/v2\/pages\/2918\/revisions"}],"wp:attachment":[{"href":"https:\/\/scfd.org\/es\/wp-json\/wp\/v2\/media?parent=2918"}],"curies":[{"name":"wp","href":"https:\/\/api.w.org\/{rel}","templated":true}]}}