{"id":4571,"date":"2020-04-07T15:35:11","date_gmt":"2020-04-07T21:35:11","guid":{"rendered":"https:\/\/scfd.org\/wonder-te-queda-bien\/"},"modified":"2020-08-28T13:02:40","modified_gmt":"2020-08-28T19:02:40","slug":"wonder-te-queda-bien","status":"publish","type":"page","link":"https:\/\/scfd.org\/es\/wonder-te-queda-bien\/","title":{"rendered":"Wonder te queda bien."},"content":{"rendered":"<p>Incluso en estos tiempos dif\u00edciles, las artes y la cultura tienen la capacidad de levantar nuestro esp\u00edritu y alimentar nuestras almas. Muchas organizaciones asociadas de SCFD est\u00e1n llegando para ayudarnos a todos a superar nuestro desaf\u00edo actual con un b\u00e1lsamo que solo los creativos pueden proporcionar.<\/p>\n<p>Los siguientes son eventos en l\u00ednea gratis, exposiciones, clases y otras oportunidades para experimentar maravillas desde su propia casa. Cuando la oportunidad es espec\u00edfica de la hora y la fecha, se ha observado.<\/p>\n<p><strong> <\/strong><\/p>\n<p style=\"text-align: center;\"><strong>Galer\u00edas<\/strong><\/p>\n<p><strong>Museo Clyfford Still<\/strong><\/p>\n<p><strong>GRATIS:<\/strong> El edificio est\u00e1 cerrado, pero nuestra colecci\u00f3n en l\u00ednea est\u00e1 siempre abierta! Volveremos a registrarnos pronto con la nueva programaci\u00f3n en l\u00ednea que esperamos que disfrutes. \u00a1Nos vemos en las galer\u00edas (virtuales)! Explore la funci\u00f3n de aspecto lento en nuestra <a href=\"https:\/\/collection.clyffordstillmuseum.org\/listing\">colecci\u00f3n en l\u00ednea.<\/a> Simplemente haga clic en una ilustraci\u00f3n y, a continuaci\u00f3n, haga clic en el icono del ojo. La experiencia inmersiva a pantalla completa le mostrar\u00e1 lentamente su imagen elegida en detalle.<\/p>\n<p><strong>Centro de Arte Foothills<\/strong><\/p>\n<p><strong>GRATIS:<\/strong> <a href=\"https:\/\/www.foothillsartcenter.org\/members-show\">Haz una visita virtual<\/a> de la galer\u00eda. O <a href=\"https:\/\/www.foothillsartcenter.org\/blog\/foothills-at-home-free-virtual-painting-with-janet-nunn\">disfruta de una clase gratuita<\/a> de pintura virtual el 26 de marzo a las 3 p.m.<\/p>\n<p><strong>Museo de Arte de Denver<\/strong><\/p>\n<p><strong>GRATIS:<\/strong> <a href=\"https:\/\/denverartmuseum.org\/collection\/\">Visite las extensas colecciones<\/a> de uno de los principales museos de arte de nuestra naci\u00f3n.<\/p>\n<p><strong>Centro Arvada<\/strong><\/p>\n<p><strong>GRATIS:<\/strong> Haga un recorrido por las galer\u00edas o aprenda un poco m\u00e1s sobre la fabricaci\u00f3n de <a href=\"https:\/\/arvadacenter.org\/galleries?utm_source=wordfly&amp;utm_medium=email&amp;utm_campaign=2020Aprilnewsletter&amp;utm_content=version_A&amp;sourceNumber=\">impresi\u00f3n.<\/a> Todo forma parte de las ofertas digitales del Centro Arvada.<\/p>\n<p><strong>Museo de Arte Al Aire Libre<\/strong><\/p>\n<p><strong>GRATIS:<\/strong> MOA tiene visitas virtuales de <a href=\"https:\/\/moaonline.org\/virtual\/\">exposiciones pasadas, una biblioteca de pel\u00edculas, recorridos a pie autoguiados y una b\u00f3veda de colecci\u00f3n para explorar.<\/a><\/p>\n<p><strong>BMoCA<\/strong><\/p>\n<p><strong>GRATIS:<\/strong> <a href=\"https:\/\/www.instagram.com\/bmoca\/\">Visita la galer\u00eda del Museo boulder de arte contempor\u00e1neo<\/a> en Instagram.<\/p>\n<p><strong>Museo de Boulder<\/strong><\/p>\n<p>GRATIS: Vea un lapso de tiempo mural de <a href=\"https:\/\/www.youtube.com\/watch?v=Q8F91MmIIc0\">tiza<\/a> mientras est\u00e1 instalado en el museo.<\/p>\n<p><strong>Museo del Quilt de las Monta\u00f1as Rocosas<\/strong><\/p>\n<p><strong>GRATIS:<\/strong> Unirse a los quilters de Colorado y responder a la llamada de m\u00e1scaras faciales. El museo del acolchado est\u00e1 sirviendo como punto de coordinaci\u00f3n para la entrega y distribuci\u00f3n de m\u00e1scaras faciales que todos los que las necesitan. <a href=\"https:\/\/www.rmqm.org\/\">Vea c\u00f3mo puede involucrarse. <\/a>Mientras est\u00e9s all\u00ed, aseg\u00farate de visitar la galer\u00eda virtual Rocky Mountain Quits for Men.<\/p>\n<p>&nbsp;<\/p>\n<p style=\"text-align: center;\"><strong>Teatro<\/strong><\/p>\n<p><strong>Phamaly<\/strong><\/p>\n<p><strong>GRATIS:<\/strong> Phamaly Theatre Company es l\u00edder mundial en teatro afirmativo para discapacitados. <a href=\"https:\/\/www.youtube.com\/playlist?list=PLV1ribIaLhonuQzcMQnBAnIhapp1sDNTo\">Por favor, disfrute de videos locos para Wacky Times<\/a> con los muchos talentos de la maravillosamente loco familia Phamaly.<\/p>\n<p><strong>Ovation West<\/strong><\/p>\n<p><strong>GRATIS:<\/strong> <a href=\"http:\/\/ovationwest.org\/\">Ovation West<\/a> tiene oportunidades virtuales en curso para disfrutar de la m\u00fasica y el teatro musical, incluyendo una <a href=\"https:\/\/www.youtube.com\/watch?v=XpsQRBDoElI&amp;feature=youtu.be\">actuaci\u00f3n destacada<\/a>!<\/p>\n<p>&nbsp;<\/p>\n<p style=\"text-align: center;\"><strong>S\u00d3LO PARA NI\u00d1OS<\/strong><\/p>\n<p><strong>\u00a1Wow! \u2022 Inicio<\/strong><\/p>\n<p><strong>Gratis:<\/strong>  <a href=\"https:\/\/wowchildrensmuseum.org\/wow_at_home\/\">Descargar gratis WOW! \u2022 Gu\u00edas de actividades en el hogar<\/a> para hacer en casa con sus hijos! Las actividades est\u00e1n disponibles para diferentes grupos de edad (infantes y ni\u00f1os peque\u00f1os tambi\u00e9n!) e incluyen proyectos pr\u00e1cticos de ciencia y arte, recomendaciones de libros, juegos, canciones y m\u00e1s. Tambi\u00e9n tenemos algunas recetas f\u00e1ciles de hacer para limo, soluci\u00f3n de burbujas y masa de juego casera.<\/p>\n<p><strong>Museo de los Ni\u00f1os de Denver en el Campus Marsico <\/strong><\/p>\n<p><strong>GRATIS:<\/strong> El Museo de los Ni\u00f1os de Denver en Marsico Campus est\u00e1 temporalmente cerrado, pero no tengas miedo, nuestro grupo de Facebook <a href=\"https:\/\/www.facebook.com\/groups\/MuseumFun101\/\">Museum Fun 101<\/a> te traer\u00e1 el Museo a TI! Echa un vistazo a las actividades sin pantalla creadas por nuestros educadores para involucrar a tu hijo en el aprendizaje y la diversi\u00f3n desde la comodidad de tu hogar.<\/p>\n<p><strong>Museo de Boulder<\/strong><\/p>\n<p><strong>GRATIS:<\/strong> \u00bfBusca una manera de dar vida a las fuentes primarias para su clase de escuela primaria? Este <a href=\"https:\/\/museumofboulder.org\/artifacts-alive-program-materials\/\">programa se compone de sketches para que los estudiantes realicen<\/a> que traer\u00e1n artefactos de la historia de Boulder a la vida! Tambi\u00e9n es ideal para familias creativas que buscan algunas actividades grupales que pueden hacer en interiores juntos.<\/p>\n<p><strong>Celebra el ritmo<\/strong><\/p>\n<p><strong>GRATIS:<\/strong> Usa <a href=\"https:\/\/www.youtube.com\/playlist?list=PLtdNckUf8y7WrHESGk-Gr0UN4Lajf7_fk\">la biblioteca del alfabeto<\/a> de Celebrate the Beat para divertirte y practicar tu conocimiento de letras.<\/p>\n<p><strong>Dentro de la orquesta<\/strong><\/p>\n<p><strong>GRATIS:<\/strong> Dentro de la Orquesta ha lanzado su Iniciativa Outside the Orchestra, que proporciona contenido diario gratuito para que las personas interact\u00faen con la m\u00fasica y el arte en casa con sus hijos. El contenido va desde listas de reproducci\u00f3n por tema y estado de \u00e1nimo hasta gu\u00edas de actividad completas con planes de lecciones integrados. Como referencia, aqu\u00ed est\u00e1 una lista de algunos de los nuevos recursos:<\/p>\n<ul>\n<li><a href=\"https:\/\/insidetheorchestra.org\/outside-the-orchestra-activities\/\">Base de datos de actividades en la que se pueden buscar <\/a><\/li>\n<li><a href=\"https:\/\/insidetheorchestra.org\/audio-playlists\/\">Biblioteca de listas de reproducci\u00f3n de audio<\/a><\/li>\n<li><a href=\"https:\/\/insidetheorchestra.org\/videos-about-the-orchestra\/\">Videos divertidos y educativos<\/a><\/li>\n<li><a href=\"https:\/\/insidetheorchestra.org\/orchestra-games\/\">Juegos Musicales en L\u00ednea<\/a><\/li>\n<li><a href=\"https:\/\/issuu.com\/insidetheorchestra\/docs\/teacher_resource_packet\">Paquete de recursos para profesores<\/a><\/li>\n<\/ul>\n<p>Tambi\u00e9n est\u00e1n ofreciendo eventos virtuales como <a href=\"https:\/\/www.facebook.com\/events\/699926400775247\/\">fiestas semanales de arte<\/a> con m\u00fasicos tocando piezas para que los ni\u00f1os respondan art\u00edsticamente en casa, as\u00ed como proporcionando nuestra <a href=\"https:\/\/insidetheorchestra.org\/tiny-tots-1920\/#summer\">programaci\u00f3n de Tiny Tots de verano<\/a> en un formato virtual.<\/p>\n<p>&nbsp;<\/p>\n<p style=\"text-align: center;\"><strong>Historia<\/strong><\/p>\n<p>&nbsp;<\/p>\n<p><strong>Historia Colorado<\/strong><\/p>\n<p><strong>GRATIS:<\/strong> Unirse a History Colorado para un episodio (o episodios, seamos honestos) del popular podcast de Lost Highways.<\/p>\n<p><strong>Museo de Historia Dorada<\/strong><\/p>\n<p><strong>GRATIS<\/strong>: <a href=\"https:\/\/goldenhistory.pastperfectonline.com\/\">Haga un recorrido virtual<\/a> por la colecci\u00f3n del museo y aprenda un poco sobre por qu\u00e9 siempre ha sido realmente dorado en oro.<\/p>\n<p><strong>Cherokee Ranch y Castillo<\/strong><\/p>\n<p><strong>GRATIS<\/strong>: <a href=\"https:\/\/cherokeeranch.org\/video-sky-tour.html\">Levante una milla del castillo<\/a> y se eleve por encima de pinos, roble de matorral, salientes rocosos y un campo de golf antes de dar vueltas alrededor del castillo. Deriva a lo largo de una brisa con los sonidos de un arpa angelical. Creado por Aaron Schug en el oto\u00f1o de 2018. Los fuegos occidentales en ese momento crean una neblina que obstruye las monta\u00f1as, sin embargo, la vista sigue siendo espectacular.<\/p>\n<p><strong>Museo de la Casa de Molly Brown<\/strong><\/p>\n<p><strong>GRATIS<\/strong>: <a href=\"https:\/\/mollybrown.org\/digital-resources\/\">El Museo de la Casa de Molly Brown<\/a> tiene visitas a museos virtuales, actividades familiares de historia en casa y un club de libros virtual.<\/p>\n<p><strong>Centro Cultural Tesoro<\/strong><\/p>\n<p><strong>GRATIS:<\/strong> Persigue <a href=\"https:\/\/www.tesoroculturalcenter.org\/past-lectures-watch-now\/\">una biblioteca de conferencias sobre la historia de Occidente<\/a> de los eruditos nacionales.<\/p>\n<p><strong>Museo del Ferrocarril de Colorado<\/strong><\/p>\n<p><strong>GRATIS:<\/strong> Cada semana trae nuevos tours de <a href=\"https:\/\/coloradorailroadmuseum.org\">la colecci\u00f3n, actualizaciones de actividades, y actividades infantiles \/ familiares<\/a> entre otros.<\/p>\n<p>&nbsp;<\/p>\n<p style=\"text-align: center;\"><strong>Ciencia<\/strong><\/p>\n<p>&nbsp;<\/p>\n<p><strong>Festival de Cine Ambiental de Colorado<\/strong><\/p>\n<p><strong>GRATIS:<\/strong> <a href=\"https:\/\/ceff.net\/watch-now\/?utm_source=CEFF+Master+List+%28includes+all+sub+groups+-+only+add+to+this+list%29&amp;utm_campaign=243f1a6416-EMAIL_CAMPAIGN_2020_04_15_09_12&amp;utm_medium=email&amp;utm_term=0_4dc37891a9-243f1a6416-404886633\">Vea una pel\u00edcula<\/a> con el Festival de Cine Ambiental de Colorado.<\/p>\n<p><strong>Museo de Naturaleza y Ciencia de Denver<\/strong><\/p>\n<p><strong>GRATIS:<\/strong> <strong>Ciencia + Educadores Viven<\/strong>! (12:00 PM Lunes-Viernes <a href=\"https:\/\/www.facebook.com\/DMNSorg\/\">DMNS Facebook<\/a> ) Unirse a los cient\u00edficos + educadores del Museo de la Naturaleza + Ciencia de Denver, ya que explorar o compartir la investigaci\u00f3n y colecciones m\u00e1s destacados y responder a sus preguntas!<\/p>\n<p><strong>COVID-19 \u00bfQu\u00e9 se avecina?<\/strong> (8:30 AM Lunes <a href=\"https:\/\/institute.dmns.org\/events\/\">Reg\u00edstrese aqu\u00ed)<\/a> DMNS se asocia con la Escuela de Salud P\u00fablica de Colorado para explorar varios aspectos de COVID-19 y el camino por delante para Colorado. Cada seminario web de lunes contar\u00e1 con m\u00e9dicos, cient\u00edficos y\/o funcionarios estatales que aportan ideas expertas y perspectivas l\u00facidas a los desaf\u00edos que enfrentamos.<\/p>\n<p><strong>Herramientas : Hora<\/strong> del t\u00e9 (4:30 PM <a href=\"https:\/\/www.dmns.org\/learn\/dmns-at-home\/teach\/teacher-professional-development\/tools-tea-time\/?vanityurl=\">Martes Reg\u00edstrese aqu\u00ed<\/a>) \u00a1Profesores! Toma tu t\u00e9 de la tarde e inicia sesi\u00f3n para obtener consejos y recursos del Equipo de Desarrollo Profesional de Maestros del Museo y comparte estrategias con otros profesores a medida que pasamos al aprendizaje remoto.<\/p>\n<p><strong>Zool\u00f3gico de Denver<\/strong><\/p>\n<p><strong>GRATIS<\/strong>: <a href=\"https:\/\/www.youtube.com\/channel\/UCzlJHwWxz2INhrSbLlK4xRQ\">Realice un safari virtual<\/a>en el zool\u00f3gico m\u00e1s grande de nuestra regi\u00f3n.<\/p>\n<p><strong>Jard\u00edn Bot\u00e1nico de Denver<\/strong><\/p>\n<p><strong>GRATIS<\/strong>: <a href=\"https:\/\/www.botanicgardens.org\/york-street\/our-gardens\">Explore la belleza<\/a> en los numerosos jardines que componen los Jardines Bot\u00e1nicos de Denver.<\/p>\n<p><strong>Wings Over the Rockies<\/strong><\/p>\n<p><strong>GRATIS<\/strong>: <a href=\"https:\/\/www.youtube.com\/channel\/UCuTxbaNVVMOnerZ03oE-5kw\">Entra en el mundo del vuelo<\/a>montando a lo largo de aventuras centradas en el vuelo espacial y mucho m\u00e1s.<\/p>\n<p><strong>Ocean First Institute<\/strong><\/p>\n<p><strong>GRATIS<\/strong>: Unirse a seminarios web educativos sobre tiburones y otras criaturas del oc\u00e9ano, probar su mano en la fabricaci\u00f3n de un p\u00f3lipo de coral pedregoso o ver la leva de morsa. \u00a1<a href=\"http:\/\/www.oceanfirstinstitute.org\/resources\">El Ocean First Institute<\/a> tiene actividades para todas las edades!<\/p>\n<p style=\"text-align: center;\"><strong>Baile<\/strong><\/p>\n<p>&nbsp;<\/p>\n<p><strong>Wonderbound<\/strong><\/p>\n<p><strong>GRATIS<\/strong>: Wonderbound producir\u00e1 24-26 videos por semana durante las pr\u00f3ximas semanas incluyendo <strong><a href=\"https:\/\/www.wonderbound.com\/\">Dance Along! y los solos de los bailarines en Project Wonder.<\/a><\/strong><\/p>\n<p><strong>Celebra el ritmo<\/strong><\/p>\n<p><strong>GRATIS<\/strong>: Unirse a <a href=\"https:\/\/www.youtube.com\/channel\/UCFbURSLOb-F3nJbu5SHwCUg\">Celebrate the Beat para sus clases de baile<\/a>virtualy liberar a su bailar\u00edn interior.<\/p>\n<p><strong>Cleo Parker Robinson Dance<\/strong><\/p>\n<p><strong>GRATIS<\/strong>: Cleo Parker Robinson Dance anuncia el lanzamiento de <a href=\"https:\/\/cleoparkerdance.org\/\">Cyber Dance 2020.<\/a> Con\u00e9ctate con el conjunto de baile reconocido a nivel nacional desde tu casa.<\/p>\n<p>&nbsp;<\/p>\n<p style=\"text-align: center;\"><strong>Literatura<\/strong><\/p>\n<p>&nbsp;<\/p>\n<p><strong>Taller de Escritores de Faros<\/strong><\/p>\n<p><strong>GRATIS<\/strong>: <a href=\"https:\/\/www.lighthousewriters.org\/blog\/community-engagement-goes-virtual\">Insp\u00edrate diariamente escribiendo en el Lighthouse Writers Workshop<\/a>y aprende m\u00e1s sobre sus clases y talleres virtuales.<\/p>\n<p><strong>Arte de Ashes<\/strong><\/p>\n<p><strong>GRATIS:<\/strong> Art de los facilitadores de Ashes est\u00e1n ofreciendo mensajes de escritura a trav\u00e9s de <a href=\"https:\/\/www.facebook.com\/Art.from.Ashes\/\">Facebook,<\/a> <a href=\"https:\/\/www.instagram.com\/afaphoenix\/\">Instagram<\/a> y en nuestro blog de <a href=\"https:\/\/www.artfromashes.org\/blog\/\">sitio web<\/a> para el p\u00fablico en general. Para j\u00f3venes de 12 a 24 a\u00f1os, \u00a1ofrecemos minitalleres en Google Hangouts! Para obtener m\u00e1s informaci\u00f3n, p\u00f3ngase en contacto con nuestro <a href=\"https:\/\/www.artfromashes.org\/contact-director-of-programs\/\">Director de Programas.<\/a><\/p>\n<p>&nbsp;<\/p>\n<p style=\"text-align: center;\"><strong>M\u00fasica<\/strong><\/p>\n<p><strong>Sinf\u00f3nica de Colorado<\/strong><\/p>\n<p><strong>GRATIS<\/strong>: Unirse a la Sinf\u00f3nica de Colorado para una interpretaci\u00f3n &#8220;desde sus propios hogares&#8221; de <a href=\"https:\/\/www.youtube.com\/watch?time_continue=6&amp;v=p09hpKAv9Jc&amp;feature=emb_logo\">Oda a la Alegr\u00eda.<\/a><\/p>\n<p><strong>Kantorei<\/strong><\/p>\n<p><strong>GRATIS<\/strong>: <a href=\"https:\/\/www.youtube.com\/watch?v=fQvBjr5R2Nw&amp;feature=youtu.be\">Escucha la actuaci\u00f3n de Kantorei &#8220;Fuego y Hielo&#8221;.<\/a> Kantorei es el principal conjunto coral de Denver formado en 1997.<\/p>\n<p><strong>Coral de hoja perenne<\/strong><\/p>\n<p><strong>GRATIS<\/strong>: <a href=\"https:\/\/www.youtube.com\/watch?v=VVb0JuQvhNA&amp;feature=youtu.be\">\u00danete a la Coral Evergreen<\/a> para una conmovedora interpretaci\u00f3n de Baba Yetu.<\/p>\n<p><strong>Filarm\u00f3nica de Araphoe<\/strong><\/p>\n<p><strong>ALGUNOS COSTO<\/strong>: \u00danete al director musical Devin Patrick Hughes mientras comparte <a href=\"https:\/\/www.youtube.com\/watch?v=5HNwJFLphfE&amp;feature=youtu.be\">su lista de reproducci\u00f3n de abril de 2020.<\/a> Reg\u00edstrese a trav\u00e9s de <a href=\"https:\/\/www.arapahoe-phil.org\/primephonic\/\">Primephonic durante dos meses de membres\u00eda gratuita<\/a> y escuche.<\/p>\n<p><strong>Orquesta de C\u00e1mara Evergreen<\/strong><\/p>\n<p><strong>GRATIS:<\/strong> Evergreen Chamber Orchestra Musical Moments son videos en vivo y pregrabados que cuentan con nuestros fabulosos m\u00fasicos, miembros de la junta, amigos de ECO y, por supuesto, nuestro director musical Bill Hill. Por favor, \u00fanete a nosotros en nuestra p\u00e1gina de <a href=\"https:\/\/evergreenchamberorch.us9.list-manage.com\/track\/click?u=87b7582cacef53f6b3f839252&amp;id=28f3bc6d32&amp;e=68e74791e3\">Facebook<\/a><strong> <\/strong>a las 7:00 pm todos los martes y viernes. Despu\u00e9s del estreno de los v\u00eddeos en Facebook, podr\u00e1s encontrarlos en nuestro canal de <a href=\"https:\/\/evergreenchamberorch.us9.list-manage.com\/track\/click?u=87b7582cacef53f6b3f839252&amp;id=4ba816330f&amp;e=68e74791e3\">YouTube<\/a><strong> <\/strong>y los nuevos <a href=\"https:\/\/evergreenchamberorch.us9.list-manage.com\/track\/click?u=87b7582cacef53f6b3f839252&amp;id=b34624e0d2&amp;e=68e74791e3\">momentos musicales ECO<\/a><strong> <\/strong>secci\u00f3n de nuestro sitio web.<\/p>\n<p><strong>Coro Colorado<\/strong><\/p>\n<p><strong>GRATIS:<\/strong> Unirse al <a href=\"https:\/\/thecoloradochoir.org\/wp-content\/uploads\/2020\/04\/Little-Wheel-A-Turnin-2015-03-07.mp3?mc_cid=0123b074d3&amp;mc_eid=ef5a909e2f\">Coro colorado<\/a> para las ofertas musicales.<\/p>\n<p>&nbsp;<\/p>\n<p style=\"text-align: center;\"><strong>FILM\/RADIO<\/strong><\/p>\n<p><strong>Pel\u00edcula de Denver<\/strong><\/p>\n<p><strong>GRATIS<\/strong>: Esta instituci\u00f3n de Denver est\u00e1 <a href=\"https:\/\/www.denverfilm.org\/at-the-movies\/\">ofreciendo proyecciones en l\u00edneade algunas<\/a> de sus pel\u00edculas publicadas anteriormente.<\/p>\n<p><strong>ALGUNOS COSTO<\/strong>: Denver Film est\u00e1 emocionado de asociarse con DoorDash para traerte C<a href=\"https:\/\/www.denverfilm.org\/dinner-and-a-movie\/\">ena + Una Pel\u00edcula.<\/a> La mejor manera de #SupportLocal. Eleva tu noche de cine con una tarifa de entrega de $0 desde uno de tus restaurantes locales favoritos.<\/p>\n<p><strong>eTown<\/strong><\/p>\n<p><strong>GRATIS<\/strong>: Aprovecha el tesoro de v\u00eddeos de <a href=\"https:\/\/www.etown.org\/\">eTown<\/a> en <a href=\"https:\/\/www.youtube.com\/user\/etownradioshow?mc_cid=093eda2463&amp;mc_eid=07d1cf6e1b\">el canal de YouTube de eTown.<\/a> Mira en casa con aquellos que amas o sintoniza simult\u00e1neamente con un amigo de lejos. Tambi\u00e9n echa un vistazo alos <a href=\"https:\/\/podcasts.apple.com\/us\/podcast\/etown\/id441558505?mt=2\">podcasts de eTown<\/a>! Ideal para caminar, andar en bicicleta, correr o escuchar en casa.<\/p>\n<p>&nbsp;<\/p>\n<p style=\"text-align: center;\"><strong>MULTI-DISCIPLINA <\/strong><\/p>\n<p><strong>Centro DE ARTES L\u00e1cteos<\/strong><\/p>\n<p><strong>GRATIS<\/strong>: <strong>El Dairy ARTS Center<\/strong>est\u00e1 construyendo su contenido en l\u00ednea bajo los auspicios de la programaci\u00f3n de <a href=\"https:\/\/thedairy.org\/free-range-dairy\/\">Free Range Dairy.<\/a> La mayor\u00eda de los eventos son gratuitos o de bajo costo.<\/p>\n<p><strong>Foothills Arts Center<\/strong><\/p>\n<p>Acompa\u00f1a al m\u00fasico local Wes Hughes mientras <a href=\"https:\/\/www.youtube.com\/watch?v=YU0l1wi-5f0\">canta en homenaje a John Prine<\/a> y al esp\u00edritu de canci\u00f3n que vive en todos nosotros desde la galer\u00eda del centro.<\/p>\n<p><strong>Galletas c\u00e1lidas de la revoluci\u00f3n<\/strong><\/p>\n<p>Denver Arts &amp; Venues, Roddenberry Foundation y la Fundaci\u00f3n Bonfils-Stanton se han asociado con Warm Cookies of the Revolution para traerte <a href=\"http:\/\/www.warmcookiesoftherevolution.org\/videos\/\">una cesta de regalo virtual.<\/a> Inspiradas en el hecho de que las personas env\u00edan cestas de regalo a amigos y familiares en tiempos de p\u00e9rdida y enfermedad, las cestas virtuales incluir\u00e1n muestras de video del mejor trabajo de la comunidad creativa de Denver.<\/p>\n","protected":false},"excerpt":{"rendered":"<p>Incluso en estos tiempos dif\u00edciles, las artes y la cultura tienen la capacidad de levantar nuestro esp\u00edritu y alimentar nuestras almas. Muchas organizaciones asociadas de SCFD est\u00e1n llegando para ayudarnos&#8230;<\/p>\n","protected":false},"author":11,"featured_media":0,"parent":0,"menu_order":0,"comment_status":"closed","ping_status":"closed","template":"","meta":{"_acf_changed":false,"footnotes":""},"class_list":["post-4571","page","type-page","status-publish","hentry"],"acf":[],"publishpress_future_action":{"enabled":false,"date":"2026-05-21 10:52:12","action":"change-status","newStatus":"draft","terms":[],"taxonomy":"translation_priority","extraData":[]},"publishpress_future_workflow_manual_trigger":{"enabledWorkflows":[]},"_links":{"self":[{"href":"https:\/\/scfd.org\/es\/wp-json\/wp\/v2\/pages\/4571","targetHints":{"allow":["GET"]}}],"collection":[{"href":"https:\/\/scfd.org\/es\/wp-json\/wp\/v2\/pages"}],"about":[{"href":"https:\/\/scfd.org\/es\/wp-json\/wp\/v2\/types\/page"}],"author":[{"embeddable":true,"href":"https:\/\/scfd.org\/es\/wp-json\/wp\/v2\/users\/11"}],"replies":[{"embeddable":true,"href":"https:\/\/scfd.org\/es\/wp-json\/wp\/v2\/comments?post=4571"}],"version-history":[{"count":0,"href":"https:\/\/scfd.org\/es\/wp-json\/wp\/v2\/pages\/4571\/revisions"}],"wp:attachment":[{"href":"https:\/\/scfd.org\/es\/wp-json\/wp\/v2\/media?parent=4571"}],"curies":[{"name":"wp","href":"https:\/\/api.w.org\/{rel}","templated":true}]}}